{"id":52,"date":"2019-06-01T10:16:09","date_gmt":"2019-06-01T08:16:09","guid":{"rendered":"https:\/\/wiso-data.de\/orgelmuseum\/?page_id=52"},"modified":"2019-06-01T11:21:04","modified_gmt":"2019-06-01T09:21:04","slug":"oeffnungszeiten","status":"publish","type":"page","link":"https:\/\/wiso-data.de\/orgelmuseum\/oeffnungszeiten\/","title":{"rendered":"\u00d6ffnungszeiten"},"content":{"rendered":"<p>[et_pb_section bb_built=&#8220;1&#8243; fullwidth=&#8220;on&#8220; specialty=&#8220;off&#8220; next_background_color=&#8220;#000000&#8243;][et_pb_fullwidth_image _builder_version=&#8220;3.21&#8243; src=&#8220;https:\/\/wiso-data.de\/orgelmuseum\/wp-content\/uploads\/2019\/05\/banner1.jpg&#8220; \/][\/et_pb_section][et_pb_section bb_built=&#8220;1&#8243; prev_background_color=&#8220;#000000&#8243;][et_pb_row][et_pb_column type=&#8220;1_2&#8243;][et_pb_text _builder_version=&#8220;3.21&#8243;]<\/p>\n<h1>\u00d6ffnungszeiten<\/h1>\n<h3>\u00d6ffnungszeiten des Museums<\/h3>\n<p>Von Mai-September ist die Kirche in der Regel Freitag bis Sonntag von 11.00-18.00 Uhr ge\u00f6ffnet.<\/p>\n<p>[\/et_pb_text][et_pb_text _builder_version=&#8220;3.21&#8243;]<\/p>\n<h3>So finden Sie uns<\/h3>\n<p><strong>Brandenburgisches Orgelmuseum<\/strong><br \/>\nIn den Marienkirche Bad Belzig<br \/>\nAm Kirchplatz<br \/>\n14806 Bad Belzig<br \/>\nTel: 033841\/446633<\/p>\n<p>[\/et_pb_text][et_pb_text _builder_version=&#8220;3.21&#8243;]<\/p>\n<h3>F\u00f6rderverein &#8222;Musica Viva&#8220;<\/h3>\n<p>Besuchen Sie doch auch die Homepage des F\u00f6rdervereins f\u00fcr Kirchenmusik<\/p>\n<p><a href=\"https:\/\/musica-viva-flaeming.de\" rel=\"noopener noreferrer\" target=\"_blank\">www.musica-viva-flaeming.de<\/a><\/p>\n<p>[\/et_pb_text][\/et_pb_column][et_pb_column type=&#8220;1_2&#8243;][et_pb_image _builder_version=&#8220;3.21&#8243; src=&#8220;https:\/\/wiso-data.de\/orgelmuseum\/wp-content\/uploads\/2019\/05\/Marienkirche.jpg&#8220; \/][\/et_pb_column][\/et_pb_row][\/et_pb_section]<\/p>\n","protected":false},"excerpt":{"rendered":"<p><div class=\"et_pb_row et_pb_row_0 et_pb_row_empty\">\n\t\t\t\t\n\t\t\t\t\n\t\t\t\t\n\t\t\t\t\n\t\t\t\t\n\t\t\t<\/div> \u00d6ffnungszeiten\u00d6ffnungszeiten des MuseumsVon Mai-September ist die Kirche in der Regel Freitag bis Sonntag von 11.00-18.00 Uhr ge\u00f6ffnet. So finden Sie uns Brandenburgisches Orgelmuseum In den Marienkirche Bad Belzig Am Kirchplatz 14806 Bad Belzig Tel: 033841\/446633 F\u00f6rderverein &#8222;Musica Viva&#8220; Besuchen Sie doch auch die Homepage des F\u00f6rdervereins f\u00fcr Kirchenmusik www.musica-viva-flaeming.de<\/p>\n","protected":false},"author":1,"featured_media":0,"parent":0,"menu_order":4,"comment_status":"closed","ping_status":"closed","template":"","meta":{"_et_pb_use_builder":"on","_et_pb_old_content":"","_et_gb_content_width":""},"_links":{"self":[{"href":"https:\/\/wiso-data.de\/orgelmuseum\/wp-json\/wp\/v2\/pages\/52"}],"collection":[{"href":"https:\/\/wiso-data.de\/orgelmuseum\/wp-json\/wp\/v2\/pages"}],"about":[{"href":"https:\/\/wiso-data.de\/orgelmuseum\/wp-json\/wp\/v2\/types\/page"}],"author":[{"embeddable":true,"href":"https:\/\/wiso-data.de\/orgelmuseum\/wp-json\/wp\/v2\/users\/1"}],"replies":[{"embeddable":true,"href":"https:\/\/wiso-data.de\/orgelmuseum\/wp-json\/wp\/v2\/comments?post=52"}],"version-history":[{"count":5,"href":"https:\/\/wiso-data.de\/orgelmuseum\/wp-json\/wp\/v2\/pages\/52\/revisions"}],"predecessor-version":[{"id":57,"href":"https:\/\/wiso-data.de\/orgelmuseum\/wp-json\/wp\/v2\/pages\/52\/revisions\/57"}],"wp:attachment":[{"href":"https:\/\/wiso-data.de\/orgelmuseum\/wp-json\/wp\/v2\/media?parent=52"}],"curies":[{"name":"wp","href":"https:\/\/api.w.org\/{rel}","templated":true}]}}