{"id":199,"date":"2019-06-18T21:47:28","date_gmt":"2019-06-18T19:47:28","guid":{"rendered":"https:\/\/wiso-data.de\/orgelmuseum\/?page_id=199"},"modified":"2019-06-27T09:20:12","modified_gmt":"2019-06-27T07:20:12","slug":"die-alte-orgel-von-st-marien","status":"publish","type":"page","link":"https:\/\/wiso-data.de\/orgelmuseum\/exponate\/die-alte-orgel-von-st-marien\/","title":{"rendered":"Die alte Orgel von St. Marien"},"content":{"rendered":"<p>[et_pb_section bb_built=&#8220;1&#8243; fullwidth=&#8220;on&#8220; specialty=&#8220;off&#8220; next_background_color=&#8220;#000000&#8243;][et_pb_fullwidth_image _builder_version=&#8220;3.21&#8243; src=&#8220;https:\/\/wiso-data.de\/orgelmuseum\/wp-content\/uploads\/2019\/05\/banner1.jpg&#8220; \/][\/et_pb_section][et_pb_section bb_built=&#8220;1&#8243; prev_background_color=&#8220;#000000&#8243;][et_pb_row][et_pb_column type=&#8220;4_4&#8243;][et_pb_text admin_label=&#8220;Text Einleitung&#8220; _builder_version=&#8220;3.21&#8243;]<\/p>\n<h1>Die alte Sauer-Orgel von St. Marien &#8211; eine Dokumentation <\/h1>\n<p>1906 wurde die Orgel der Orgelbaufirma Sauer (Frankfurt\/Oder) in der Marienkirche wiedereingeweiht.<br \/>Im folgenden eine Dokumentation \u00fcber diese Orgel, von der leider nur noch einzelne Teile vorhanden sind.<br \/>Die Dokumentation wurde dem Orgelmuseum freundlichenweise von Herrn Dr. Axel Kropf zur Verf\u00fcgung gestellt.<\/p>\n<p>[\/et_pb_text][et_pb_divider _builder_version=&#8220;3.21&#8243; color=&#8220;#b5b5b5&#8243; \/][et_pb_text _builder_version=&#8220;3.21&#8243;]<\/p>\n<p>\n<strong>3. Juni 1906 <\/strong><br \/>Wiedereinweihung der von der Orgelbaufirma Sauer (Frankfurt\/Oder) im alten barocken (urspr\u00fcnglich 1661 Dom Mei\u00dfen) Orgelgeh\u00e4use neugebauten Orgel.<br \/>Die Orgel wurde als sog. romantische Orgel mit pneumatischer Traktur disponiert<\/p>\n<p><strong>1938 <\/strong><br \/>Bereits Vorschl\u00e4ge zur Umdisponierung entsprechend dem ver\u00e4nderten Zeitgeschmack<\/p>\n<p><strong>1955 <\/strong><br \/>Einbau eines elektrischen Winderzeugers<\/p>\n<p><strong>1956 <\/strong><br \/>Abbau der Orgel wegen Renovierung der Kirche durch die Fa.Schuke (Potsd.)<\/p>\n<p><strong>1957 <\/strong><br \/>Wiederaufbau der Orgel durch die Orgelbaufirma Helfenbein (Gotha)<\/p>\n<p><strong>1957 <\/strong><br \/>Auftrag an die Firma Helfenbein zum Umbau der Orgel<\/p>\n<p><strong>1961 <\/strong><br \/>Lieferung der Pfeifen f\u00fcr den Umbau<br \/>Weder der Umbau noch die erforderliche \u00dcberholung werden realisiert!<\/p>\n<p><strong>1966 <\/strong><br \/>Kostenkalkulation f\u00fcr eine Totalsanierung mit Umdisponierung und Einbau einer elektrischen Traktur f\u00fcr 47.000 DDR-Mark. Eine reine Instandsetzung unterbleibt, obwohl 35.000 DDR-Mark zur Verf\u00fcgung stehen, da das Klangbild der Orginalorgel abgelehnt wird.<\/p>\n<p><strong>1977<\/strong><br \/>Die Orgel wird endg\u00fcltig entsorgt. Gerhard Kropf rettet gegen eine Spende Teile der Orgel (s.unten). Der Verbleib der barocken Prospektschnitzereien konnte nicht gekl\u00e4rt werden.<\/p>\n<p>[\/et_pb_text][et_pb_divider _builder_version=&#8220;3.21&#8243; color=&#8220;#b5b5b5&#8243; \/][et_pb_text _builder_version=&#8220;3.21&#8243;]<\/p>\n<p>Die Orgel von Andreas Kahrling aus dem Jahre 1706 hatte 20 Register auf Hauptwerk, Oberwerk und Pedal. Das Geh\u00e4use soll auf eine Vorg\u00e4ngerorgel. Erbaut von Christoph Donat aus Leipzig um 1680 zur\u00fcckgehen.<br \/>Nach kleineren Umbauten durch Wilhelm Baer aus Niemegk in der zweiten H\u00e4lfte des 19. Jahrhunderts war die Disposition folgende:<\/p>\n<p>[\/et_pb_text][et_pb_text admin_label=&#8220;table2&#8243; _builder_version=&#8220;3.21&#8243; link_option_url=&#8220;table1&#8243;]<\/p>\n<table style=\"width: 100%;\">\n<tbody>\n<tr>\n<th>Hauptwerk:<\/th>\n<th>Oberwerk:<\/th>\n<th>Pedalwerk:Age<\/th>\n<\/tr>\n<tr>\n<td>Principal 8\u2018<\/td>\n<td>Gedeckt 8\u2018<\/td>\n<td>Subba\u00df 16\u2018<\/td>\n<\/tr>\n<tr>\n<td>Gedeckt 8\u2018<\/td>\n<td>Fl\u00f6te 4\u2018<\/td>\n<td>Octave 8\u2018<\/td>\n<\/tr>\n<tr>\n<td>Gambe 8\u2018<\/td>\n<td>Principal 2\u2018<\/td>\n<td>Octave 4\u2018<\/td>\n<\/tr>\n<tr>\n<td>Octave 4\u2018<\/td>\n<td>Quinte 1 1\/3\u2018<\/td>\n<td>Posaune 16\u2018<\/td>\n<\/tr>\n<tr>\n<td>Spitzfl\u00f6te 4\u2018<\/td>\n<td>Octave 1\u2018<\/td>\n<td>Trompete 8\u2018<\/td>\n<\/tr>\n<tr>\n<td>Quinte 2 2\/3\u2018<\/td>\n<td><\/td>\n<td><\/td>\n<\/tr>\n<tr>\n<td>Octave2\u2018<\/td>\n<td><\/td>\n<td><\/td>\n<\/tr>\n<tr>\n<td>Mixtur 4-fach<\/td>\n<td><\/td>\n<td><\/td>\n<\/tr>\n<tr>\n<td>Cornett 3-fach<\/td>\n<td><\/td>\n<td><\/td>\n<\/tr>\n<tr>\n<td>Trompete 8\u2018<\/td>\n<td>Manual- und Pedalkoppel<\/td>\n<td><\/td>\n<\/tr>\n<\/tbody>\n<\/table>\n<p>[\/et_pb_text][et_pb_text _builder_version=&#8220;3.21&#8243;]<\/p>\n<p>Im vorhandenen Geh\u00e4use erbaute die damals weltber\u00fchmte Firma Sauer aus Frankfurt\/Oder 1904 eine neue Orgel mit freistehendem Spieltisch<\/p>\n<p><strong>Disposition der Orgel von Wilhelm Sauer in Bad Belzig<\/strong><\/p>\n<p>[\/et_pb_text][et_pb_text admin_label=&#8220;table2&#8243; _builder_version=&#8220;3.21&#8243; link_option_url=&#8220;table1&#8243;]<\/p>\n<table style=\"width: 100%;\">\n<tbody>\n<tr>\n<th>Hauptwerk:<\/th>\n<th>Oberwerk:<\/th>\n<th>Pedalwerk:Age<\/th>\n<\/tr>\n<tr>\n<td>Bordun 16\u2018<\/td>\n<td>Liebl. Gedeckt 16\u2018<\/td>\n<td>Violomnba\u00df 16\u2018<\/td>\n<\/tr>\n<tr>\n<td>Principal 8\u2018<\/td>\n<td>Geigenprincipal 8\u2018<\/td>\n<td>Principalba\u00df 16\u2018<\/td>\n<\/tr>\n<tr>\n<td>Floete 8\u2018<\/td>\n<td>Gedeckt 8\u2018<\/td>\n<td>Subba\u00df 16\u2018<\/td>\n<\/tr>\n<tr>\n<td>Gemshorn 8\u2018<\/td>\n<td>Wienerfl\u00f6te 8\u2018<\/td>\n<td>Octavba\u00df 8\u2018<\/td>\n<\/tr>\n<tr>\n<td>Gambe 8\u2018<\/td>\n<td>Salicional 8\u2018<\/td>\n<td>Violoncello 8\u2018<\/td>\n<\/tr>\n<tr>\n<td>Dolce 8\u2018<\/td>\n<td>Aeoline 8\u2018<\/td>\n<td>Gedecktba\u00df 8\u2018<\/td>\n<\/tr>\n<tr>\n<td>Octave 4\u2018<\/td>\n<td>Vox coelestis 8\u2018<\/td>\n<td>Octave 4\u2018<\/td>\n<\/tr>\n<tr>\n<td>Rohrfl\u00f6te 4\u2018<\/td>\n<td>Fugara 4\u2018<\/td>\n<td>Posaune 16\u2018<\/td>\n<\/tr>\n<tr>\n<td>Mixtur 4-fach<\/td>\n<td>Traversfl\u00f6te 4\u2018<\/td>\n<td>\u00a0<\/td>\n<\/tr>\n<tr>\n<td>Trompete 8\u2018<\/td>\n<td>Picollo 2\u2018<\/td>\n<td>\u00a0<\/td>\n<\/tr>\n<tr>\n<td>Cornett 3-fach<\/td>\n<td>\u00a0<\/td>\n<td>\u00a0<\/td>\n<\/tr>\n<tr>\n<td>\u00a0<\/td>\n<td>\u00a0<\/td>\n<td>\u00a0<\/td>\n<\/tr>\n<tr>\n<td>3 Normalkoppeln, Super und Subkoppel II-I<\/td>\n<td>\u00a0<\/td>\n<td>\u00a0<\/td>\n<\/tr>\n<tr>\n<td>4 feste Kombinationen, Rollschweller<br \/>pneumatische Kegelladen<\/td>\n<td>\u00a0<\/td>\n<td>\u00a0<\/td>\n<\/tr>\n<\/tbody>\n<\/table>\n<p>[\/et_pb_text][et_pb_text _builder_version=&#8220;3.21&#8243;]<\/p>\n<p>\nDiese Orgel war bis 1974 unver\u00e4ndert im Gebrauch.<\/p>\n<p>[\/et_pb_text][et_pb_divider _builder_version=&#8220;3.21&#8243; color=&#8220;#b5b5b5&#8243; \/][\/et_pb_column][\/et_pb_row][et_pb_row _builder_version=&#8220;3.21&#8243;][et_pb_column type=&#8220;1_5&#8243;][\/et_pb_column][et_pb_column type=&#8220;3_5&#8243;][et_pb_image _builder_version=&#8220;3.21&#8243; src=&#8220;https:\/\/wiso-data.de\/orgelmuseum\/wp-content\/uploads\/2019\/06\/Westempore.jpg&#8220; show_in_lightbox=&#8220;on&#8220; box_shadow_style=&#8220;preset1&#8243; \/][\/et_pb_column][et_pb_column type=&#8220;1_5&#8243;][\/et_pb_column][\/et_pb_row][et_pb_row][et_pb_column type=&#8220;1_2&#8243;][et_pb_image _builder_version=&#8220;3.21&#8243; src=&#8220;https:\/\/wiso-data.de\/orgelmuseum\/wp-content\/uploads\/2019\/06\/P1010025-1.jpg&#8220; show_in_lightbox=&#8220;on&#8220; box_shadow_style=&#8220;preset1&#8243; \/][\/et_pb_column][et_pb_column type=&#8220;1_2&#8243;][et_pb_image _builder_version=&#8220;3.21&#8243; src=&#8220;https:\/\/wiso-data.de\/orgelmuseum\/wp-content\/uploads\/2019\/06\/P1010020.jpg&#8220; show_in_lightbox=&#8220;on&#8220; box_shadow_style=&#8220;preset1&#8243; \/][\/et_pb_column][\/et_pb_row][\/et_pb_section]<\/p>\n","protected":false},"excerpt":{"rendered":"<p><div class=\"et_pb_row et_pb_row_0 et_pb_row_empty\">\n\t\t\t\t\n\t\t\t\t\n\t\t\t\t\n\t\t\t\t\n\t\t\t\t\n\t\t\t<\/div> Die alte Sauer-Orgel von St. Marien &#8211; eine Dokumentation 1906 wurde die Orgel der Orgelbaufirma Sauer (Frankfurt\/Oder) in der Marienkirche wiedereingeweiht.Im folgenden eine Dokumentation \u00fcber diese Orgel, von der leider nur noch einzelne Teile vorhanden sind.Die Dokumentation wurde dem Orgelmuseum freundlichenweise von Herrn Dr. Axel Kropf zur Verf\u00fcgung gestellt. 3. Juni 1906 Wiedereinweihung der [&hellip;]<\/p>\n","protected":false},"author":1,"featured_media":0,"parent":50,"menu_order":10,"comment_status":"closed","ping_status":"closed","template":"","meta":{"_et_pb_use_builder":"on","_et_pb_old_content":"","_et_gb_content_width":""},"_links":{"self":[{"href":"https:\/\/wiso-data.de\/orgelmuseum\/wp-json\/wp\/v2\/pages\/199"}],"collection":[{"href":"https:\/\/wiso-data.de\/orgelmuseum\/wp-json\/wp\/v2\/pages"}],"about":[{"href":"https:\/\/wiso-data.de\/orgelmuseum\/wp-json\/wp\/v2\/types\/page"}],"author":[{"embeddable":true,"href":"https:\/\/wiso-data.de\/orgelmuseum\/wp-json\/wp\/v2\/users\/1"}],"replies":[{"embeddable":true,"href":"https:\/\/wiso-data.de\/orgelmuseum\/wp-json\/wp\/v2\/comments?post=199"}],"version-history":[{"count":32,"href":"https:\/\/wiso-data.de\/orgelmuseum\/wp-json\/wp\/v2\/pages\/199\/revisions"}],"predecessor-version":[{"id":250,"href":"https:\/\/wiso-data.de\/orgelmuseum\/wp-json\/wp\/v2\/pages\/199\/revisions\/250"}],"up":[{"embeddable":true,"href":"https:\/\/wiso-data.de\/orgelmuseum\/wp-json\/wp\/v2\/pages\/50"}],"wp:attachment":[{"href":"https:\/\/wiso-data.de\/orgelmuseum\/wp-json\/wp\/v2\/media?parent=199"}],"curies":[{"name":"wp","href":"https:\/\/api.w.org\/{rel}","templated":true}]}}