{"id":136,"date":"2019-06-02T20:38:58","date_gmt":"2019-06-02T18:38:58","guid":{"rendered":"https:\/\/wiso-data.de\/orgelmuseum\/?page_id=136"},"modified":"2019-06-02T21:19:42","modified_gmt":"2019-06-02T19:19:42","slug":"tischportativ","status":"publish","type":"page","link":"https:\/\/wiso-data.de\/orgelmuseum\/exponate\/tischportativ\/","title":{"rendered":"Tischportativ"},"content":{"rendered":"<p>[et_pb_section bb_built=&#8220;1&#8243; fullwidth=&#8220;on&#8220; specialty=&#8220;off&#8220; next_background_color=&#8220;#000000&#8243;][et_pb_fullwidth_image _builder_version=&#8220;3.21&#8243; src=&#8220;https:\/\/wiso-data.de\/orgelmuseum\/wp-content\/uploads\/2019\/05\/banner1.jpg&#8220; \/][\/et_pb_section][et_pb_section bb_built=&#8220;1&#8243; prev_background_color=&#8220;#000000&#8243;][et_pb_row][et_pb_column type=&#8220;3_5&#8243;][et_pb_text _builder_version=&#8220;3.21&#8243;]<\/p>\n<h1>Tischportativ<\/h1>\n<p>Die kleinste Orgel stellt ein Tischportativ dar, welches der ehemaligen und 2011 verstorbenen Kantorin Thea Labes geh\u00f6rte. Mit einer Hand bet\u00e4tigt man den Balg, mit der anderen k\u00f6nnen ein- oder zweistimmige St\u00fccke auf sehr schmalen Tasten und mit 25 Pfeifen gespielt werden.<\/p>\n<p>[\/et_pb_text][\/et_pb_column][et_pb_column type=&#8220;2_5&#8243;][et_pb_image _builder_version=&#8220;3.21&#8243; src=&#8220;https:\/\/wiso-data.de\/orgelmuseum\/wp-content\/uploads\/2019\/06\/Tischportativ1.jpg&#8220; box_shadow_style=&#8220;preset1&#8243; \/][\/et_pb_column][\/et_pb_row][\/et_pb_section]<\/p>\n","protected":false},"excerpt":{"rendered":"<p><div class=\"et_pb_row et_pb_row_0 et_pb_row_empty\">\n\t\t\t\t\n\t\t\t\t\n\t\t\t\t\n\t\t\t\t\n\t\t\t\t\n\t\t\t<\/div> Tischportativ Die kleinste Orgel stellt ein Tischportativ dar, welches der ehemaligen und 2011 verstorbenen Kantorin Thea Labes geh\u00f6rte. Mit einer Hand bet\u00e4tigt man den Balg, mit der anderen k\u00f6nnen ein- oder zweistimmige St\u00fccke auf sehr schmalen Tasten und mit 25 Pfeifen gespielt werden.<\/p>\n","protected":false},"author":1,"featured_media":0,"parent":50,"menu_order":8,"comment_status":"closed","ping_status":"closed","template":"","meta":{"_et_pb_use_builder":"on","_et_pb_old_content":"","_et_gb_content_width":""},"_links":{"self":[{"href":"https:\/\/wiso-data.de\/orgelmuseum\/wp-json\/wp\/v2\/pages\/136"}],"collection":[{"href":"https:\/\/wiso-data.de\/orgelmuseum\/wp-json\/wp\/v2\/pages"}],"about":[{"href":"https:\/\/wiso-data.de\/orgelmuseum\/wp-json\/wp\/v2\/types\/page"}],"author":[{"embeddable":true,"href":"https:\/\/wiso-data.de\/orgelmuseum\/wp-json\/wp\/v2\/users\/1"}],"replies":[{"embeddable":true,"href":"https:\/\/wiso-data.de\/orgelmuseum\/wp-json\/wp\/v2\/comments?post=136"}],"version-history":[{"count":3,"href":"https:\/\/wiso-data.de\/orgelmuseum\/wp-json\/wp\/v2\/pages\/136\/revisions"}],"predecessor-version":[{"id":141,"href":"https:\/\/wiso-data.de\/orgelmuseum\/wp-json\/wp\/v2\/pages\/136\/revisions\/141"}],"up":[{"embeddable":true,"href":"https:\/\/wiso-data.de\/orgelmuseum\/wp-json\/wp\/v2\/pages\/50"}],"wp:attachment":[{"href":"https:\/\/wiso-data.de\/orgelmuseum\/wp-json\/wp\/v2\/media?parent=136"}],"curies":[{"name":"wp","href":"https:\/\/api.w.org\/{rel}","templated":true}]}}