{"id":282,"date":"2026-03-20T09:57:28","date_gmt":"2026-03-20T08:57:28","guid":{"rendered":"https:\/\/wiso-data.de\/musica-viva\/?page_id=282"},"modified":"2026-03-21T09:34:36","modified_gmt":"2026-03-21T08:34:36","slug":"satzung","status":"publish","type":"page","link":"https:\/\/wiso-data.de\/musica-viva\/satzung\/","title":{"rendered":"Satzung"},"content":{"rendered":"<p>[et_pb_section fb_built=&#8220;1&#8243; admin_label=&#8220;Header&#8220; _builder_version=&#8220;4.27.6&#8243; background_image=&#8220;https:\/\/wiso-data.de\/musica-viva\/wp-content\/uploads\/2026\/03\/Sommerwiese-fuer-das-Sommerkonzert2026.jpg&#8220; custom_padding=&#8220;4vw||0px||false|false&#8220; locked=&#8220;off&#8220; global_colors_info=&#8220;{}&#8220; background_color_gradient_start__hover=&#8220;#2b87da&#8220; background_color_gradient_start__hover_enabled=&#8220;#2b87da&#8220; background_color_gradient_end__hover=&#8220;#29c4a9&#8243; background_color_gradient_end__hover_enabled=&#8220;#29c4a9&#8243; use_background_color_gradient__hover=&#8220;off&#8220; use_background_color_gradient__hover_enabled=&#8220;off&#8220; background_color_gradient_type__hover=&#8220;linear&#8220; background_color_gradient_type__hover_enabled=&#8220;linear&#8220; background_color_gradient_direction__hover=&#8220;180deg&#8220; background_color_gradient_direction__hover_enabled=&#8220;180deg&#8220; background_color_gradient_direction_radial__hover=&#8220;center&#8220; background_color_gradient_direction_radial__hover_enabled=&#8220;center&#8220; background_color_gradient_start_position__hover=&#8220;0%&#8220; background_color_gradient_start_position__hover_enabled=&#8220;0%&#8220; background_color_gradient_end_position__hover=&#8220;100%&#8220; background_color_gradient_end_position__hover_enabled=&#8220;100%&#8220; background_color_gradient_overlays_image__hover=&#8220;off&#8220; background_color_gradient_overlays_image__hover_enabled=&#8220;off&#8220; background_color_gradient_stops__hover=&#8220;#2b87da 0%|#29c4a9 100%&#8220;][et_pb_row _builder_version=&#8220;4.16&#8243; max_width=&#8220;80%&#8220; use_custom_width=&#8220;on&#8220; width_unit=&#8220;off&#8220; custom_width_px__hover=&#8220;1080px&#8220; custom_width_px__hover_enabled=&#8220;1080px&#8220; custom_width_percent__hover=&#8220;80%&#8220; custom_width_percent__hover_enabled=&#8220;80%&#8220; global_colors_info=&#8220;{}&#8220; gutter_width__hover=&#8220;3&#8243; gutter_width__hover_enabled=&#8220;3&#8243; parallax_1__hover=&#8220;off&#8220; parallax_1__hover_enabled=&#8220;off&#8220; parallax_2__hover=&#8220;off&#8220; parallax_2__hover_enabled=&#8220;off&#8220; parallax_3__hover=&#8220;off&#8220; parallax_3__hover_enabled=&#8220;off&#8220; parallax_4__hover=&#8220;off&#8220; parallax_4__hover_enabled=&#8220;off&#8220; parallax_5__hover=&#8220;off&#8220; parallax_5__hover_enabled=&#8220;off&#8220; parallax_6__hover=&#8220;off&#8220; parallax_6__hover_enabled=&#8220;off&#8220; parallax_method_1__hover=&#8220;on&#8220; parallax_method_1__hover_enabled=&#8220;on&#8220; parallax_method_2__hover=&#8220;on&#8220; parallax_method_2__hover_enabled=&#8220;on&#8220; parallax_method_3__hover=&#8220;on&#8220; parallax_method_3__hover_enabled=&#8220;on&#8220; parallax_method_4__hover=&#8220;on&#8220; parallax_method_4__hover_enabled=&#8220;on&#8220; parallax_method_5__hover=&#8220;on&#8220; parallax_method_5__hover_enabled=&#8220;on&#8220; parallax_method_6__hover=&#8220;on&#8220; parallax_method_6__hover_enabled=&#8220;on&#8220; use_background_color_gradient__hover=&#8220;off&#8220; use_background_color_gradient__hover_enabled=&#8220;off&#8220; background_color_gradient_start__hover=&#8220;#2b87da&#8220; background_color_gradient_start__hover_enabled=&#8220;#2b87da&#8220; background_color_gradient_end__hover=&#8220;#29c4a9&#8243; background_color_gradient_end__hover_enabled=&#8220;#29c4a9&#8243; background_color_gradient_type__hover=&#8220;linear&#8220; background_color_gradient_type__hover_enabled=&#8220;linear&#8220; background_color_gradient_direction__hover=&#8220;180deg&#8220; background_color_gradient_direction__hover_enabled=&#8220;180deg&#8220; background_color_gradient_direction_radial__hover=&#8220;center&#8220; background_color_gradient_direction_radial__hover_enabled=&#8220;center&#8220; background_color_gradient_start_position__hover=&#8220;0%&#8220; background_color_gradient_start_position__hover_enabled=&#8220;0%&#8220; background_color_gradient_end_position__hover=&#8220;100%&#8220; background_color_gradient_end_position__hover_enabled=&#8220;100%&#8220; background_color_gradient_overlays_image__hover=&#8220;off&#8220; background_color_gradient_overlays_image__hover_enabled=&#8220;off&#8220; parallax__hover=&#8220;off&#8220; parallax__hover_enabled=&#8220;off&#8220; parallax_method__hover=&#8220;on&#8220; parallax_method__hover_enabled=&#8220;on&#8220; background_size__hover=&#8220;cover&#8220; background_size__hover_enabled=&#8220;cover&#8220; background_position__hover=&#8220;center&#8220; background_position__hover_enabled=&#8220;center&#8220; background_repeat__hover=&#8220;no-repeat&#8220; background_repeat__hover_enabled=&#8220;no-repeat&#8220; background_blend__hover=&#8220;normal&#8220; background_blend__hover_enabled=&#8220;normal&#8220; allow_player_pause__hover=&#8220;off&#8220; allow_player_pause__hover_enabled=&#8220;off&#8220; background_video_pause_outside_viewport__hover=&#8220;on&#8220; background_video_pause_outside_viewport__hover_enabled=&#8220;on&#8220; make_fullwidth__hover=&#8220;off&#8220; make_fullwidth__hover_enabled=&#8220;off&#8220; use_custom_width__hover=&#8220;off&#8220; use_custom_width__hover_enabled=&#8220;off&#8220; width_unit__hover=&#8220;on&#8220; width_unit__hover_enabled=&#8220;on&#8220; use_custom_gutter__hover=&#8220;off&#8220; use_custom_gutter__hover_enabled=&#8220;off&#8220; make_equal__hover=&#8220;off&#8220; make_equal__hover_enabled=&#8220;off&#8220; border_radii__hover=&#8220;on||||&#8220; border_radii__hover_enabled=&#8220;on||||&#8220; box_shadow_style__hover=&#8220;none&#8220; box_shadow_style__hover_enabled=&#8220;none&#8220; box_shadow_color__hover=&#8220;rgba(0,0,0,0.3)&#8220; box_shadow_color__hover_enabled=&#8220;rgba(0,0,0,0.3)&#8220; filter_hue_rotate__hover=&#8220;0deg&#8220; filter_hue_rotate__hover_enabled=&#8220;0deg&#8220; filter_saturate__hover=&#8220;100%&#8220; filter_saturate__hover_enabled=&#8220;100%&#8220; filter_brightness__hover=&#8220;100%&#8220; filter_brightness__hover_enabled=&#8220;100%&#8220; filter_contrast__hover=&#8220;100%&#8220; filter_contrast__hover_enabled=&#8220;100%&#8220; filter_invert__hover=&#8220;0%&#8220; filter_invert__hover_enabled=&#8220;0%&#8220; filter_sepia__hover=&#8220;0%&#8220; filter_sepia__hover_enabled=&#8220;0%&#8220; filter_opacity__hover=&#8220;100%&#8220; filter_opacity__hover_enabled=&#8220;100%&#8220; filter_blur__hover=&#8220;0px&#8220; filter_blur__hover_enabled=&#8220;0px&#8220; mix_blend_mode__hover=&#8220;normal&#8220; mix_blend_mode__hover_enabled=&#8220;normal&#8220; animation_style__hover=&#8220;none&#8220; animation_style__hover_enabled=&#8220;none&#8220; animation_repeat__hover=&#8220;once&#8220; animation_repeat__hover_enabled=&#8220;once&#8220; animation_direction__hover=&#8220;center&#8220; animation_direction__hover_enabled=&#8220;center&#8220; animation_duration__hover=&#8220;1000ms&#8220; animation_duration__hover_enabled=&#8220;1000ms&#8220; animation_delay__hover=&#8220;0ms&#8220; animation_delay__hover_enabled=&#8220;0ms&#8220; animation_intensity_slide__hover=&#8220;50%&#8220; animation_intensity_slide__hover_enabled=&#8220;50%&#8220; animation_intensity_zoom__hover=&#8220;50%&#8220; animation_intensity_zoom__hover_enabled=&#8220;50%&#8220; animation_intensity_flip__hover=&#8220;50%&#8220; animation_intensity_flip__hover_enabled=&#8220;50%&#8220; animation_intensity_fold__hover=&#8220;50%&#8220; animation_intensity_fold__hover_enabled=&#8220;50%&#8220; animation_intensity_roll__hover=&#8220;50%&#8220; animation_intensity_roll__hover_enabled=&#8220;50%&#8220; animation_starting_opacity__hover=&#8220;0%&#8220; animation_starting_opacity__hover_enabled=&#8220;0%&#8220; animation_speed_curve__hover=&#8220;ease-in-out&#8220; animation_speed_curve__hover_enabled=&#8220;ease-in-out&#8220; hover_transition_duration__hover=&#8220;300ms&#8220; hover_transition_duration__hover_enabled=&#8220;300ms&#8220; hover_transition_delay__hover=&#8220;0ms&#8220; hover_transition_delay__hover_enabled=&#8220;0ms&#8220; hover_transition_speed_curve__hover=&#8220;ease&#8220; hover_transition_speed_curve__hover_enabled=&#8220;ease&#8220; width__hover=&#8220;80%&#8220; width__hover_enabled=&#8220;80%&#8220; max_width__hover=&#8220;80%&#8220; max_width__hover_enabled=&#8220;80%&#8220; background_color_gradient_stops__hover=&#8220;#2b87da 0%|#29c4a9 100%&#8220;][et_pb_column type=&#8220;4_4&#8243; _builder_version=&#8220;4.16&#8243; custom_padding=&#8220;|||&#8220; global_colors_info=&#8220;{}&#8220; custom_padding__hover=&#8220;|||&#8220;][et_pb_text _builder_version=&#8220;4.25.1&#8243; text_font=&#8220;||||||||&#8220; text_line_height=&#8220;2em&#8220; header_font=&#8220;Noto Serif||||||||&#8220; header_font_size=&#8220;7vw&#8220; header_line_height=&#8220;1.2em&#8220; header_2_font=&#8220;||||||||&#8220; header_5_font=&#8220;||||||||&#8220; header_6_font=&#8220;Source Sans Pro|||on|||||&#8220; header_6_font_size=&#8220;24px&#8220; header_6_letter_spacing=&#8220;8px&#8220; header_6_line_height=&#8220;1.8em&#8220; text_orientation=&#8220;center&#8220; background_layout=&#8220;dark&#8220; max_width=&#8220;80%&#8220; max_width_tablet=&#8220;&#8220; max_width_phone=&#8220;&#8220; max_width_last_edited=&#8220;on|tablet&#8220; module_alignment=&#8220;center&#8220; custom_margin=&#8220;||0px&#8220; animation_style=&#8220;slide&#8220; animation_intensity_slide=&#8220;4%&#8220; header_font_size_tablet=&#8220;&#8220; header_font_size_phone=&#8220;48px&#8220; header_font_size_last_edited=&#8220;on|phone&#8220; header_text_shadow_style=&#8220;preset3&#8243; header_text_shadow_blur_strength=&#8220;0.8em&#8220; header_text_shadow_color=&#8220;rgba(0,17,51,0.55)&#8220; global_colors_info=&#8220;{}&#8220; text_font_size__hover=&#8220;14px&#8220; text_font_size__hover_enabled=&#8220;14px&#8220; text_letter_spacing__hover=&#8220;0px&#8220; text_letter_spacing__hover_enabled=&#8220;0px&#8220; text_line_height__hover=&#8220;1.7em&#8220; text_line_height__hover_enabled=&#8220;1.7em&#8220; text_text_shadow_style__hover=&#8220;none&#8220; text_text_shadow_style__hover_enabled=&#8220;none&#8220; text_text_shadow_color__hover=&#8220;rgba(0,0,0,0.4)&#8220; text_text_shadow_color__hover_enabled=&#8220;rgba(0,0,0,0.4)&#8220; link_font_size__hover=&#8220;14px&#8220; link_font_size__hover_enabled=&#8220;14px&#8220; link_letter_spacing__hover=&#8220;0px&#8220; link_letter_spacing__hover_enabled=&#8220;0px&#8220; link_line_height__hover=&#8220;1em&#8220; link_line_height__hover_enabled=&#8220;1em&#8220; link_text_shadow_style__hover=&#8220;none&#8220; link_text_shadow_style__hover_enabled=&#8220;none&#8220; link_text_shadow_color__hover=&#8220;rgba(0,0,0,0.4)&#8220; link_text_shadow_color__hover_enabled=&#8220;rgba(0,0,0,0.4)&#8220; ul_font_size__hover=&#8220;14px&#8220; ul_font_size__hover_enabled=&#8220;14px&#8220; ul_letter_spacing__hover=&#8220;0px&#8220; ul_letter_spacing__hover_enabled=&#8220;0px&#8220; ul_line_height__hover=&#8220;1em&#8220; ul_line_height__hover_enabled=&#8220;1em&#8220; ul_text_shadow_style__hover=&#8220;none&#8220; ul_text_shadow_style__hover_enabled=&#8220;none&#8220; ul_text_shadow_color__hover=&#8220;rgba(0,0,0,0.4)&#8220; ul_text_shadow_color__hover_enabled=&#8220;rgba(0,0,0,0.4)&#8220; ol_font_size__hover=&#8220;14px&#8220; ol_font_size__hover_enabled=&#8220;14px&#8220; ol_letter_spacing__hover=&#8220;0px&#8220; ol_letter_spacing__hover_enabled=&#8220;0px&#8220; ol_line_height__hover=&#8220;1em&#8220; ol_line_height__hover_enabled=&#8220;1em&#8220; ol_text_shadow_style__hover=&#8220;none&#8220; ol_text_shadow_style__hover_enabled=&#8220;none&#8220; ol_text_shadow_color__hover=&#8220;rgba(0,0,0,0.4)&#8220; ol_text_shadow_color__hover_enabled=&#8220;rgba(0,0,0,0.4)&#8220; quote_font_size__hover=&#8220;14px&#8220; quote_font_size__hover_enabled=&#8220;14px&#8220; quote_letter_spacing__hover=&#8220;0px&#8220; quote_letter_spacing__hover_enabled=&#8220;0px&#8220; quote_line_height__hover=&#8220;1em&#8220; quote_line_height__hover_enabled=&#8220;1em&#8220; quote_text_shadow_style__hover=&#8220;none&#8220; quote_text_shadow_style__hover_enabled=&#8220;none&#8220; quote_text_shadow_color__hover=&#8220;rgba(0,0,0,0.4)&#8220; quote_text_shadow_color__hover_enabled=&#8220;rgba(0,0,0,0.4)&#8220; text_orientation__hover=&#8220;left&#8220; text_orientation__hover_enabled=&#8220;left&#8220; background_layout__hover=&#8220;light&#8220; background_layout__hover_enabled=&#8220;light&#8220;]<\/p>\n<h1>Kontakt<\/h1>\n<p>&nbsp;<\/p>\n<p>[\/et_pb_text][\/et_pb_column][\/et_pb_row][\/et_pb_section][et_pb_section fb_built=&#8220;1&#8243; _builder_version=&#8220;4.27.6&#8243; _module_preset=&#8220;default&#8220; global_colors_info=&#8220;{}&#8220;][et_pb_row _builder_version=&#8220;4.27.6&#8243; _module_preset=&#8220;default&#8220; global_colors_info=&#8220;{}&#8220;][et_pb_column type=&#8220;4_4&#8243; _builder_version=&#8220;4.27.6&#8243; _module_preset=&#8220;default&#8220; global_colors_info=&#8220;{}&#8220;][et_pb_text _builder_version=&#8220;4.27.6&#8243; _module_preset=&#8220;default&#8220; header_font=&#8220;||||||||&#8220; header_2_font=&#8220;|700|||||||&#8220; header_2_font_size=&#8220;40px&#8220; header_2_line_height=&#8220;1.4em&#8220; header_3_font=&#8220;|700|||||||&#8220; custom_margin=&#8220;||20px&#8220; header_2_font_size_tablet=&#8220;30px&#8220; header_2_font_size_phone=&#8220;24px&#8220; header_2_font_size_last_edited=&#8220;on|phone&#8220; global_colors_info=&#8220;{}&#8220;]<\/p>\n<h2>Musica Viva Fl\u00e4ming<\/h2>\n<p>F\u00f6rderverein f\u00fcr Kirchenmusik an St. Marien \/ Hoher Fl\u00e4ming<\/p>\n<h3>Satzung des Vereins<\/h3>\n<p class=\"p4\"><b>\u00a71 Name und Sitz<\/b><\/p>\n<p class=\"p2\">Der Verein \u201eMusica Viva\u201c e.V., F\u00f6rderverein f\u00fcr Kirchenmusik an St. Marien\/Hoher Fl\u00e4ming mit Sitz in 14806 Bad Belzig, Kirchplatz 1 verfolgt ausschlie\u00dflich und unmittelbar gemeinn\u00fctzige und kirchliche Zwecke im Sinne des Abschnitts \u201eSteuerbeg\u00fcnstigte Zwecke\u201c der Abgabenordnung. Er f\u00fchrt ein Logo, das eine verkleinerte Aufnahme der Papeniusorgel zeigt.<\/p>\n<p class=\"p2\">Zweck des Vereins ist die F\u00f6rderung der kirchenmusikalisch t\u00e4tigen Menschen, Gruppen und Gemeinden im Bereich des ehemaligen Kirchenkreises Belzig.<\/p>\n<p class=\"p3\">Der Satzungszweck wird verwirklicht insbesondere durch die Unterst\u00fctzung der o.g. Gruppen in den Kirchengemeinden Bad Belzig, L\u00fctte, Golzow, M\u00f6rz, Br\u00fcck, Wiesenburg und Raben-R\u00e4digke. Diese Unterst\u00fctzung kann ideeller, organisatorischer oder finanzieller Art sein. Damit verbunden ist die Wertsch\u00e4tzung kirchenmusikalischer Arbeit gem\u00e4\u00df dem Leitbild der Evangelischen Landeskirche Berlin-Brandenburg, die durch den Verein nach au\u00dfen hin repr\u00e4sentiert wird.<\/p>\n<p class=\"p4\"><b>\u00a72 T\u00e4tigkeit des Vereins<\/b><\/p>\n<p class=\"p3\">Der Verein ist selbstlos t\u00e4tig; er verfolgt nicht in erster Linie eigenwirtschaftliche Zwecke.<\/p>\n<p class=\"p4\"><b>\u00a73 Mittel des Vereins<\/b><\/p>\n<p class=\"p3\">Mittel des Vereins d\u00fcrfen nur f\u00fcr die satzungsgem\u00e4\u00dfen Zwecke verwendet werden. Die Mitglieder erhalten keine Zuwendungen aus Mitteln des Vereins.<\/p>\n<p class=\"p4\"><b>\u00a74 Ausgaben des Vereins<\/b><\/p>\n<p class=\"p3\">Es darf keine Person durch Ausgaben, die dem Zweck der K\u00f6rperschaft fremd sind oder durch unverh\u00e4ltnism\u00e4\u00dfig hohe Verg\u00fcnstigungen beg\u00fcnstigt werden.<\/p>\n<p class=\"p4\"><b>\u00a75 Aufl\u00f6sung des Vereins<\/b><\/p>\n<p class=\"p3\">Bei Aufl\u00f6sung oder Aufhebung des Vereins oder bei Wegfall steuerbeg\u00fcnstigter Zwecke f\u00e4llt das Verm\u00f6gen des Vereins an die Evang. Kirchengemeinde St. Marien\/Hoher Fl\u00e4ming, die es unmittelbar und ausschlie\u00dflich f\u00fcr gemeinn\u00fctzige, mildt\u00e4tige oder kirchliche Zwecke zu verwenden hat.<\/p>\n<p class=\"p4\"><b>\u00a76 Organe des Vereins<\/b><\/p>\n<p class=\"p3\">Organe des Vereins sind der Vorstand und die Mitgliederversammlung. Die Mitgliederversammlung ist das h\u00f6chste Organ des Vereins. Zwischen den Mitgliederversammlungen wird die Arbeit des Vereins vom Vorstand organisiert.<\/p>\n<p class=\"p4\"><b>\u00a77 Vorstand<\/b><\/p>\n<p class=\"p2\">Dem Vorstand geh\u00f6ren 5 Mitglieder an:<\/p>\n<p class=\"p2\">Der\/Die Vorsitzende<\/p>\n<p class=\"p2\">Erster und zweiter Stellvertreter\/in<\/p>\n<p class=\"p2\">Schatzmeister\/in<\/p>\n<p class=\"p2\">Schriftf\u00fchrer\/in<\/p>\n<p class=\"p2\">Die Mitgliederversammlung w\u00e4hlt j\u00e4hrlich 2 Rechnungspr\u00fcfer. Bis zu 2 weitere sachkundige Mitglieder (ohne Stimmrecht) k\u00f6nnen auf Zeit dem Vorstand zugew\u00e4hlt werden.<\/p>\n<p class=\"p2\">Der Vorstand verwaltet das Vereinsverm\u00f6gen und f\u00fchrt die Beschl\u00fcsse der Mitgliederversammlung aus. Des weiteren koordiniert er die Vereinsarbeit, bereitet die Mitgliederversammlungen vor und unterbreitet dieser Vorschl\u00e4ge, die inhaltliche Arbeit betreffend. Hierzu tritt der Vorstand 3\u20134 mal pro Kalenderjahr zusammen.<\/p>\n<p class=\"p3\">Der Verein wird gerichtlich und au\u00dfergerichtlich durch den Vorsitzenden, den 1. Stellvertreter und den Schatzmeister vertreten. Jeweils 2 dieser Personen sind gemeinsam vertretungsberechtigt.<\/p>\n<p class=\"p4\"><b>\u00a78 Mitgliederversammlung<\/b><\/p>\n<p class=\"p2\">Die Mitgliederversammlung findet einmal j\u00e4hrlich nach Ablauf des Gesch\u00e4ftsjahres (Gesch\u00e4ftsjahr = Kalenderjahr) statt. Zu ihr ergeht eine Einladung 14 Tage im voraus, schriftlich an die Mitglieder, sowie \u00fcber die ortsans\u00e4ssige Presse.<\/p>\n<p class=\"p2\">Die Mitgliederversammlung wird vom Vorsitzenden, im Falle seiner Verhinderung von einem der Stellvertreter geleitet.<\/p>\n<p class=\"p2\">Eine au\u00dferordentliche Mitgliederversammlung ist vom Vorstand dann einzuberufen, wenn die Interessen des Vereins dieses dringend erfordern oder mindestens 1\/3 der Mitglieder des Vereins es verlangt.<\/p>\n<p class=\"p2\">Die Mitgliederversammlung ist beschlussf\u00e4hig, wenn mindestens 50% der Mitglieder des Vereins anwesend sind. Werden diese 50% nicht erreicht, findet zu einem sp\u00e4teren Zeitpunkt eine weitere Mitgliederversammlung statt, zu der keine Mindestmitgliederanzahl von N\u00f6ten ist.<\/p>\n<p class=\"p2\">Beschl\u00fcsse werden mit einfacher Mehrheit gefasst.<\/p>\n<p class=\"p2\">Die Art der Abstimmung wird vom Versammlungsleiter festgelegt. Falls mindestens ein Drittel der anwesenden Mitglieder dies beantragt, muss eine Abstimmung schriftlich und geheim durchgef\u00fchrt werden.<\/p>\n<p class=\"p2\">\u00dcber die Beschl\u00fcsse der Mitgliederversammlung ist eine Niederschrift anzufertigen, welche vom Versammlungsleiter und vom Schriftf\u00fchrer zu unterschreiben ist.<\/p>\n<p class=\"p3\">Die Mitgliederversammlung w\u00e4hlt im 3-j\u00e4hrigen Turnus den Vorstand, erteilt bei der j\u00e4hrlichen Vollversammlung auf Empfehlung der Rechnungspr\u00fcfer dem Vorstand die Entlastung, begleitet die Arbeit des Vorstands und unterst\u00fctzt die Arbeit des Vereins nach innen und au\u00dfen.<\/p>\n<p class=\"p4\"><b>\u00a79 Mitgliedschaft<\/b><\/p>\n<p class=\"p2\">Die Aufnahme geschieht schriftlich durch eine Eintrittserkl\u00e4rung. Aufnahmeformulare sind bei den Vorstandsmitgliedern und im Gemeindeb\u00fcro St. Marien erh\u00e4ltlich.<\/p>\n<p class=\"p2\">Alle nat\u00fcrlichen und juristischen Personen, die im Sinne von \u00a71 der Satzung bereit sind, die T\u00e4tigkeit des Vereins zu unterst\u00fctzen, k\u00f6nnen alternativ eine Einzelmitgliedschaft, Ch\u00f6re und Instrumentalgruppen eine Gruppenmitgliedschaft und Kirchengemeinden eine institutionelle Mitgliedschaft erwerben.<\/p>\n<p class=\"p3\">Die Jahresbeitr\u00e4ge pro Kalenderjahr sind entsprechend gestaffelt. Sie werden jeweils von der Mitgliederversammlung festgelegt und sind dem Protokoll der Mitgliederversammlung zu entnehmen.<\/p>\n<p class=\"p4\"><b>\u00a710 F\u00f6rderrichtlinien des Vereins<\/b><\/p>\n<p class=\"p2\">Antr\u00e4ge auf F\u00f6rderung k\u00f6nnen von allen Vereinsmitgliedern schriftlich und formlos an den Vorstand gestellt werden. Die Mitgliederversammlung beschlie\u00dft die F\u00f6rderrichtlinien nach Ma\u00dfgabe des Vereinszwecks.<\/p>\n<p class=\"p3\">\u00dcber die Art oder H\u00f6he einer F\u00f6rderung entscheidet der Vorstand mit der Mehrheit seiner Mitglieder.<\/p>\n<p class=\"p4\"><b>\u00a711 Satzungs\u00e4nderungen<\/b><\/p>\n<p class=\"p3\">Diese Satzung kann nur mit einer 2\/3-Mehrheit der anwesenden Mitglieder einer Mitgliederversammlung ge\u00e4ndert werden.<\/p>\n<p class=\"p4\"><b>\u00a712 Ende der Mitgliedschaft<\/b><\/p>\n<p class=\"p3\">Die Mitgliedschaft im Verein erlischt durch ein schriftliches Austrittsgesuch zum Ende eines Kalenderjahres, durch den Tod eines Mitglieds oder durch einen Ausschluss, der mit 2\/3 der Mehrheit der Mitgliederversammlung beschlossen werden muss.<\/p>\n<p class=\"p4\"><b>\u00a713 Haftung des Vereins<\/b><\/p>\n<p class=\"p3\">Der Verein haftet mit seinem Verm\u00f6gen. Die Mitglieder haften nicht mit ihrem pers\u00f6nlichen Eigentum f\u00fcr die Anspr\u00fcche gegen den Verein.<\/p>\n<p class=\"p4\"><b>\u00a714 Inkrafttreten dieser Satzung<\/b><\/p>\n<p class=\"p2\">Mit Beschluss der Mitgliederversammlung vom 27.10.2010 tritt diese Satzung in Kraft.<\/p>\n<p>[\/et_pb_text][et_pb_text _builder_version=&#8220;4.27.6&#8243; _module_preset=&#8220;default&#8220; global_colors_info=&#8220;{}&#8220;]<\/p>\n<p><a href=\"https:\/\/wiso-data.de\/musica-viva\/wp-content\/uploads\/2026\/03\/Satzung_musica_viva.pdf\" target=\"_blank\" rel=\"noopener\" title=\"Satzung des Vereins Musica Viva Fl\u00e4ming\"><img loading=\"lazy\" decoding=\"async\" src=\"https:\/\/wiso-data.de\/musica-viva\/wp-content\/uploads\/2026\/03\/Pfeilweiterrot18.png\" width=\"18\" height=\"18\" alt=\"\" class=\"wp-image-292 alignnone size-full\" \/>Satzung als Pdf <img loading=\"lazy\" decoding=\"async\" src=\"https:\/\/wiso-data.de\/musica-viva\/wp-content\/uploads\/2026\/03\/pdf-30.png\" width=\"26\" height=\"26\" alt=\"\" class=\"wp-image-293 alignnone size-full\" \/><\/a><\/p>\n<p>[\/et_pb_text][\/et_pb_column][\/et_pb_row][\/et_pb_section]<\/p>\n","protected":false},"excerpt":{"rendered":"<p>Kontakt &nbsp;Musica Viva Fl\u00e4ming F\u00f6rderverein f\u00fcr Kirchenmusik an St. Marien \/ Hoher Fl\u00e4ming Satzung des Vereins\u00a71 Name und Sitz Der Verein \u201eMusica Viva\u201c e.V., F\u00f6rderverein f\u00fcr Kirchenmusik an St. Marien\/Hoher Fl\u00e4ming mit Sitz in 14806 Bad Belzig, Kirchplatz 1 verfolgt ausschlie\u00dflich und unmittelbar gemeinn\u00fctzige und kirchliche Zwecke im Sinne des Abschnitts \u201eSteuerbeg\u00fcnstigte Zwecke\u201c der Abgabenordnung. [&hellip;]<\/p>\n","protected":false},"author":1,"featured_media":0,"parent":0,"menu_order":0,"comment_status":"closed","ping_status":"closed","template":"","meta":{"_et_pb_use_builder":"on","_et_pb_old_content":"","_et_gb_content_width":"","footnotes":""},"dipi_cpt_category":[],"class_list":["post-282","page","type-page","status-publish","hentry"],"_links":{"self":[{"href":"https:\/\/wiso-data.de\/musica-viva\/wp-json\/wp\/v2\/pages\/282","targetHints":{"allow":["GET"]}}],"collection":[{"href":"https:\/\/wiso-data.de\/musica-viva\/wp-json\/wp\/v2\/pages"}],"about":[{"href":"https:\/\/wiso-data.de\/musica-viva\/wp-json\/wp\/v2\/types\/page"}],"author":[{"embeddable":true,"href":"https:\/\/wiso-data.de\/musica-viva\/wp-json\/wp\/v2\/users\/1"}],"replies":[{"embeddable":true,"href":"https:\/\/wiso-data.de\/musica-viva\/wp-json\/wp\/v2\/comments?post=282"}],"version-history":[{"count":8,"href":"https:\/\/wiso-data.de\/musica-viva\/wp-json\/wp\/v2\/pages\/282\/revisions"}],"predecessor-version":[{"id":347,"href":"https:\/\/wiso-data.de\/musica-viva\/wp-json\/wp\/v2\/pages\/282\/revisions\/347"}],"wp:attachment":[{"href":"https:\/\/wiso-data.de\/musica-viva\/wp-json\/wp\/v2\/media?parent=282"}],"wp:term":[{"taxonomy":"dipi_cpt_category","embeddable":true,"href":"https:\/\/wiso-data.de\/musica-viva\/wp-json\/wp\/v2\/dipi_cpt_category?post=282"}],"curies":[{"name":"wp","href":"https:\/\/api.w.org\/{rel}","templated":true}]}}