{"id":8,"date":"2019-01-08T10:23:18","date_gmt":"2019-01-08T09:23:18","guid":{"rendered":"http:\/\/kromphardt.de\/?page_id=8"},"modified":"2025-11-17T17:07:13","modified_gmt":"2025-11-17T16:07:13","slug":"kromphardt","status":"publish","type":"page","link":"https:\/\/wiso-data.de\/kromphardt\/","title":{"rendered":"Prof. Dr. J\u00fcrgen Kromphardt"},"content":{"rendered":"<p>[et_pb_section fb_built=&#8220;1&#8243; fullwidth=&#8220;on&#8220; _builder_version=&#8220;4.16&#8243; global_colors_info=&#8220;{}&#8220;][et_pb_fullwidth_image src=&#8220;https:\/\/wiso-data.de\/kromphardt\/wp-content\/uploads\/2025\/11\/Banner1.jpg&#8220; disabled_on=&#8220;on||&#8220; admin_label=&#8220;Volle Breite des Bildes desktop und tablet&#8220; _builder_version=&#8220;4.16&#8243; custom_padding_tablet=&#8220;&#8220; custom_padding_phone=&#8220;&#8220; custom_padding_last_edited=&#8220;on|phone&#8220; global_colors_info=&#8220;{}&#8220;][\/et_pb_fullwidth_image][\/et_pb_section][et_pb_section fb_built=&#8220;1&#8243; fullwidth=&#8220;on&#8220; _builder_version=&#8220;4.16&#8243; global_colors_info=&#8220;{}&#8220;][et_pb_fullwidth_image src=&#8220;https:\/\/wiso-data.de\/kromphardt\/wp-content\/uploads\/2025\/11\/Banner1mobile.jpg&#8220; disabled_on=&#8220;|on|on&#8220; admin_label=&#8220;Volle Breite des Bildes mobil&#8220; _builder_version=&#8220;4.16&#8243; custom_padding_tablet=&#8220;&#8220; custom_padding_phone=&#8220;&#8220; custom_padding_last_edited=&#8220;on|phone&#8220; global_colors_info=&#8220;{}&#8220;][\/et_pb_fullwidth_image][\/et_pb_section][et_pb_section fb_built=&#8220;1&#8243; _builder_version=&#8220;4.16&#8243; global_colors_info=&#8220;{}&#8220;][et_pb_row _builder_version=&#8220;4.16&#8243; background_size=&#8220;initial&#8220; background_position=&#8220;top_left&#8220; background_repeat=&#8220;repeat&#8220; global_colors_info=&#8220;{}&#8220;][et_pb_column type=&#8220;4_4&#8243; _builder_version=&#8220;4.16&#8243; custom_padding=&#8220;|||&#8220; global_colors_info=&#8220;{}&#8220; custom_padding__hover=&#8220;|||&#8220;][et_pb_text _builder_version=&#8220;4.27.4&#8243; hover_enabled=&#8220;0&#8243; global_colors_info=&#8220;{}&#8220; header_font=&#8220;||||||||&#8220; sticky_enabled=&#8220;0&#8243;]<\/p>\n<p>Willkommen auf meiner Homepage<\/p>\n<h1>Prof. Dr. J\u00fcrgen Kromphardt<\/h1>\n<h3>Lehr- und Forschungsschwerpunkte:<\/h3>\n<h3>Konjunktur, Wachstum und Besch\u00e4ftigung<br \/>Methoden und Geschichte der Volkswirtschaftslehre<\/h3>\n<p>[\/et_pb_text][\/et_pb_column][\/et_pb_row][\/et_pb_section]<\/p>\n","protected":false},"excerpt":{"rendered":"<p>Willkommen auf meiner Homepage Prof. Dr. J\u00fcrgen Kromphardt Lehr- und Forschungsschwerpunkte: Konjunktur, Wachstum und Besch\u00e4ftigungMethoden und Geschichte der Volkswirtschaftslehre<\/p>\n","protected":false},"author":1,"featured_media":0,"parent":0,"menu_order":1,"comment_status":"closed","ping_status":"closed","template":"","meta":{"_et_pb_use_builder":"on","_et_pb_old_content":"","_et_gb_content_width":"","footnotes":""},"dipi_cpt_category":[],"class_list":["post-8","page","type-page","status-publish","hentry"],"yoast_head":"<!-- This site is optimized with the Yoast SEO plugin v26.3 - https:\/\/yoast.com\/wordpress\/plugins\/seo\/ -->\n<title>Prof. Dr. J\u00fcrgen Kromphardt - Willkommen auf meiner Webseite<\/title>\n<meta name=\"description\" content=\"Prof. Dr. J\u00fcrgen Kromphardt - Lehr- und Forschungsschwerpunkte: Konjunktur, Wachstum und Besch\u00e4ftigungMethoden und Geschichte der Volkswirtschaftslehre\" \/>\n<meta name=\"robots\" content=\"index, follow, max-snippet:-1, max-image-preview:large, max-video-preview:-1\" \/>\n<link rel=\"canonical\" href=\"https:\/\/wiso-data.de\/kromphardt\/\" \/>\n<meta property=\"og:locale\" content=\"de_DE\" \/>\n<meta property=\"og:type\" content=\"article\" \/>\n<meta property=\"og:title\" content=\"Prof. Dr. J\u00fcrgen Kromphardt - Willkommen auf meiner Webseite\" \/>\n<meta property=\"og:description\" content=\"Prof. Dr. J\u00fcrgen Kromphardt - Lehr- und Forschungsschwerpunkte: Konjunktur, Wachstum und Besch\u00e4ftigungMethoden und Geschichte der Volkswirtschaftslehre\" \/>\n<meta property=\"og:url\" content=\"https:\/\/wiso-data.de\/kromphardt\/\" \/>\n<meta property=\"og:site_name\" content=\"Prof.Dr. J\u00fcrgen Kromphardt\" \/>\n<meta property=\"article:modified_time\" content=\"2025-11-17T16:07:13+00:00\" \/>\n<meta name=\"twitter:card\" content=\"summary_large_image\" \/>\n<script type=\"application\/ld+json\" class=\"yoast-schema-graph\">{\"@context\":\"https:\/\/schema.org\",\"@graph\":[{\"@type\":\"WebPage\",\"@id\":\"https:\/\/wiso-data.de\/kromphardt\/\",\"url\":\"https:\/\/wiso-data.de\/kromphardt\/\",\"name\":\"Prof. Dr. J\u00fcrgen Kromphardt - Willkommen auf meiner Webseite\",\"isPartOf\":{\"@id\":\"https:\/\/wiso-data.de\/kromphardt\/#website\"},\"datePublished\":\"2019-01-08T09:23:18+00:00\",\"dateModified\":\"2025-11-17T16:07:13+00:00\",\"description\":\"Prof. Dr. J\u00fcrgen Kromphardt - Lehr- und Forschungsschwerpunkte: Konjunktur, Wachstum und Besch\u00e4ftigungMethoden und Geschichte der Volkswirtschaftslehre\",\"breadcrumb\":{\"@id\":\"https:\/\/wiso-data.de\/kromphardt\/#breadcrumb\"},\"inLanguage\":\"de\",\"potentialAction\":[{\"@type\":\"ReadAction\",\"target\":[\"https:\/\/wiso-data.de\/kromphardt\/\"]}]},{\"@type\":\"BreadcrumbList\",\"@id\":\"https:\/\/wiso-data.de\/kromphardt\/#breadcrumb\",\"itemListElement\":[{\"@type\":\"ListItem\",\"position\":1,\"name\":\"Startseite\",\"item\":\"https:\/\/wiso-data.de\/kromphardt\/\"},{\"@type\":\"ListItem\",\"position\":2,\"name\":\"Prof. Dr. J\u00fcrgen Kromphardt\"}]},{\"@type\":\"WebSite\",\"@id\":\"https:\/\/wiso-data.de\/kromphardt\/#website\",\"url\":\"https:\/\/wiso-data.de\/kromphardt\/\",\"name\":\"Prof.Dr. J\u00fcrgen Kromphardt\",\"description\":\"\",\"potentialAction\":[{\"@type\":\"SearchAction\",\"target\":{\"@type\":\"EntryPoint\",\"urlTemplate\":\"https:\/\/wiso-data.de\/kromphardt\/?s={search_term_string}\"},\"query-input\":{\"@type\":\"PropertyValueSpecification\",\"valueRequired\":true,\"valueName\":\"search_term_string\"}}],\"inLanguage\":\"de\"}]}<\/script>\n<!-- \/ Yoast SEO plugin. -->","yoast_head_json":{"title":"Prof. Dr. J\u00fcrgen Kromphardt - Willkommen auf meiner Webseite","description":"Prof. Dr. J\u00fcrgen Kromphardt - Lehr- und Forschungsschwerpunkte: Konjunktur, Wachstum und Besch\u00e4ftigungMethoden und Geschichte der Volkswirtschaftslehre","robots":{"index":"index","follow":"follow","max-snippet":"max-snippet:-1","max-image-preview":"max-image-preview:large","max-video-preview":"max-video-preview:-1"},"canonical":"https:\/\/wiso-data.de\/kromphardt\/","og_locale":"de_DE","og_type":"article","og_title":"Prof. Dr. J\u00fcrgen Kromphardt - Willkommen auf meiner Webseite","og_description":"Prof. Dr. J\u00fcrgen Kromphardt - Lehr- und Forschungsschwerpunkte: Konjunktur, Wachstum und Besch\u00e4ftigungMethoden und Geschichte der Volkswirtschaftslehre","og_url":"https:\/\/wiso-data.de\/kromphardt\/","og_site_name":"Prof.Dr. J\u00fcrgen Kromphardt","article_modified_time":"2025-11-17T16:07:13+00:00","twitter_card":"summary_large_image","schema":{"@context":"https:\/\/schema.org","@graph":[{"@type":"WebPage","@id":"https:\/\/wiso-data.de\/kromphardt\/","url":"https:\/\/wiso-data.de\/kromphardt\/","name":"Prof. Dr. J\u00fcrgen Kromphardt - Willkommen auf meiner Webseite","isPartOf":{"@id":"https:\/\/wiso-data.de\/kromphardt\/#website"},"datePublished":"2019-01-08T09:23:18+00:00","dateModified":"2025-11-17T16:07:13+00:00","description":"Prof. Dr. J\u00fcrgen Kromphardt - Lehr- und Forschungsschwerpunkte: Konjunktur, Wachstum und Besch\u00e4ftigungMethoden und Geschichte der Volkswirtschaftslehre","breadcrumb":{"@id":"https:\/\/wiso-data.de\/kromphardt\/#breadcrumb"},"inLanguage":"de","potentialAction":[{"@type":"ReadAction","target":["https:\/\/wiso-data.de\/kromphardt\/"]}]},{"@type":"BreadcrumbList","@id":"https:\/\/wiso-data.de\/kromphardt\/#breadcrumb","itemListElement":[{"@type":"ListItem","position":1,"name":"Startseite","item":"https:\/\/wiso-data.de\/kromphardt\/"},{"@type":"ListItem","position":2,"name":"Prof. Dr. J\u00fcrgen Kromphardt"}]},{"@type":"WebSite","@id":"https:\/\/wiso-data.de\/kromphardt\/#website","url":"https:\/\/wiso-data.de\/kromphardt\/","name":"Prof.Dr. J\u00fcrgen Kromphardt","description":"","potentialAction":[{"@type":"SearchAction","target":{"@type":"EntryPoint","urlTemplate":"https:\/\/wiso-data.de\/kromphardt\/?s={search_term_string}"},"query-input":{"@type":"PropertyValueSpecification","valueRequired":true,"valueName":"search_term_string"}}],"inLanguage":"de"}]}},"_links":{"self":[{"href":"https:\/\/wiso-data.de\/kromphardt\/wp-json\/wp\/v2\/pages\/8","targetHints":{"allow":["GET"]}}],"collection":[{"href":"https:\/\/wiso-data.de\/kromphardt\/wp-json\/wp\/v2\/pages"}],"about":[{"href":"https:\/\/wiso-data.de\/kromphardt\/wp-json\/wp\/v2\/types\/page"}],"author":[{"embeddable":true,"href":"https:\/\/wiso-data.de\/kromphardt\/wp-json\/wp\/v2\/users\/1"}],"replies":[{"embeddable":true,"href":"https:\/\/wiso-data.de\/kromphardt\/wp-json\/wp\/v2\/comments?post=8"}],"version-history":[{"count":2,"href":"https:\/\/wiso-data.de\/kromphardt\/wp-json\/wp\/v2\/pages\/8\/revisions"}],"predecessor-version":[{"id":184,"href":"https:\/\/wiso-data.de\/kromphardt\/wp-json\/wp\/v2\/pages\/8\/revisions\/184"}],"wp:attachment":[{"href":"https:\/\/wiso-data.de\/kromphardt\/wp-json\/wp\/v2\/media?parent=8"}],"wp:term":[{"taxonomy":"dipi_cpt_category","embeddable":true,"href":"https:\/\/wiso-data.de\/kromphardt\/wp-json\/wp\/v2\/dipi_cpt_category?post=8"}],"curies":[{"name":"wp","href":"https:\/\/api.w.org\/{rel}","templated":true}]}}