{"id":33,"date":"2019-01-08T10:41:36","date_gmt":"2019-01-08T09:41:36","guid":{"rendered":"http:\/\/kromphardt.de\/?page_id=33"},"modified":"2025-11-18T11:41:30","modified_gmt":"2025-11-18T10:41:30","slug":"lebenslauf","status":"publish","type":"page","link":"https:\/\/wiso-data.de\/kromphardt\/lebenslauf\/","title":{"rendered":"Lebenslauf"},"content":{"rendered":"<p>[et_pb_section fb_built=&#8220;1&#8243; fullwidth=&#8220;on&#8220; _builder_version=&#8220;4.27.4&#8243; background_enable_color=&#8220;off&#8220; global_colors_info=&#8220;{}&#8220; locked=&#8220;off&#8220;][et_pb_fullwidth_image src=&#8220;https:\/\/wiso-data.de\/kromphardt\/wp-content\/uploads\/2025\/11\/Banner1-1280.x100.jpg&#8220; title_text=&#8220;Banner1-1280.x100&#8243; _builder_version=&#8220;4.27.4&#8243; _module_preset=&#8220;default&#8220; global_colors_info=&#8220;{}&#8220;][\/et_pb_fullwidth_image][\/et_pb_section][et_pb_section fb_built=&#8220;1&#8243; _builder_version=&#8220;4.16&#8243; global_colors_info=&#8220;{}&#8220;][et_pb_row _builder_version=&#8220;4.16&#8243; background_size=&#8220;initial&#8220; background_position=&#8220;top_left&#8220; background_repeat=&#8220;repeat&#8220; global_colors_info=&#8220;{}&#8220;][et_pb_column type=&#8220;4_4&#8243; _builder_version=&#8220;4.16&#8243; custom_padding=&#8220;|||&#8220; global_colors_info=&#8220;{}&#8220; custom_padding__hover=&#8220;|||&#8220;][et_pb_text _builder_version=&#8220;4.16&#8243; global_colors_info=&#8220;{}&#8220;]<\/p>\n<h1>Lebenslauf<\/h1>\n<p>&nbsp;<\/p>\n<p><strong>Lebenslauf<\/strong><\/p>\n<p>1933 Geboren in Kiel<\/p>\n<p>1952-1956 Studium der Volkswirtschaftslehre in G\u00f6ttingen und Kiel<\/p>\n<p>1956 Diplom-Volkswirt an der Universit\u00e4t Kiel<\/p>\n<p>1957 Promotion bei Prof. Dr. Erich Schneider an der Universit\u00e4t Kiel<\/p>\n<p>1958-1965 sowie 1967-1968 T\u00e4tigkeit bei der Kommission der Europ\u00e4ischen Gemeinschaft in Luxemburg und Br\u00fcssel (Statistisches Amt, Generaldirektion Wirtschaft und Finanzen)<\/p>\n<p>1965-1967 Habilitationsstipendium<\/p>\n<p>1967 Habilitation an der Universit\u00e4t M\u00fcnster<\/p>\n<p>1968-1980 Professor f\u00fcr Volkswirtschaftslehre an der Universit\u00e4t Gie\u00dfen<\/p>\n<p>seit 1980 Professor f\u00fcr Volkswirtschaftslehre, insbesondere Wirtschaftstheorie an der TU Berlin<\/p>\n<p>2001 Emeritiert<\/p>\n<p>bis 2006 Lehrt\u00e4tigkeit<\/p>\n<p><strong>Mitgliedschaften<br \/>\n<\/strong><\/p>\n<p>1968-1999 &#8222;Theoretischer Ausschu\u00df&#8220; des Vereins f\u00fcr Socialpolitik<\/p>\n<p>ab 1980 &#8222;Dogmenhistorischer Ausschu\u00df&#8220; des Vereins f\u00fcr Socialpolitik<\/p>\n<p>1984-1998 Auswahlausschuss der Friedrich-Ebert-Stiftung<\/p>\n<p>1995-1998 Zukunftskommission der Friedrich-Ebert-Stiftung<\/p>\n<p>ab 1996 Kuratorium der Friedrich-Ebert-Stiftung<\/p>\n<p>1999-2004 Mitglied des Sachverst\u00e4ndigenrates zur Begutachtung der gesamtwirtschaftlichen Entwicklung<\/p>\n<p>2003 Gr\u00fcndungsmitglied und bis 2012 Vorsitzender der Keynes-Gesellschaft.<br \/>\n[\/et_pb_text][\/et_pb_column][\/et_pb_row][\/et_pb_section]<\/p>\n","protected":false},"excerpt":{"rendered":"<p>Lebenslauf &nbsp; Lebenslauf 1933 Geboren in Kiel 1952-1956 Studium der Volkswirtschaftslehre in G\u00f6ttingen und Kiel 1956 Diplom-Volkswirt an der Universit\u00e4t Kiel 1957 Promotion bei Prof. Dr. Erich Schneider an der Universit\u00e4t Kiel 1958-1965 sowie 1967-1968 T\u00e4tigkeit bei der Kommission der Europ\u00e4ischen Gemeinschaft in Luxemburg und Br\u00fcssel (Statistisches Amt, Generaldirektion Wirtschaft und Finanzen) 1965-1967 Habilitationsstipendium 1967 [&hellip;]<\/p>\n","protected":false},"author":1,"featured_media":0,"parent":0,"menu_order":2,"comment_status":"closed","ping_status":"closed","template":"","meta":{"_et_pb_use_builder":"on","_et_pb_old_content":"","_et_gb_content_width":"","footnotes":""},"dipi_cpt_category":[],"class_list":["post-33","page","type-page","status-publish","hentry"],"yoast_head":"<!-- This site is optimized with the Yoast SEO plugin v26.3 - https:\/\/yoast.com\/wordpress\/plugins\/seo\/ -->\n<title>Lebenslauf - Prof.Dr. J\u00fcrgen Kromphardt<\/title>\n<meta name=\"robots\" content=\"index, follow, max-snippet:-1, max-image-preview:large, max-video-preview:-1\" \/>\n<link rel=\"canonical\" href=\"https:\/\/wiso-data.de\/kromphardt\/lebenslauf\/\" \/>\n<meta property=\"og:locale\" content=\"de_DE\" \/>\n<meta property=\"og:type\" content=\"article\" \/>\n<meta property=\"og:title\" content=\"Lebenslauf - Prof.Dr. J\u00fcrgen Kromphardt\" \/>\n<meta property=\"og:description\" content=\"Lebenslauf &nbsp; Lebenslauf 1933 Geboren in Kiel 1952-1956 Studium der Volkswirtschaftslehre in G\u00f6ttingen und Kiel 1956 Diplom-Volkswirt an der Universit\u00e4t Kiel 1957 Promotion bei Prof. Dr. Erich Schneider an der Universit\u00e4t Kiel 1958-1965 sowie 1967-1968 T\u00e4tigkeit bei der Kommission der Europ\u00e4ischen Gemeinschaft in Luxemburg und Br\u00fcssel (Statistisches Amt, Generaldirektion Wirtschaft und Finanzen) 1965-1967 Habilitationsstipendium 1967 [&hellip;]\" \/>\n<meta property=\"og:url\" content=\"https:\/\/wiso-data.de\/kromphardt\/lebenslauf\/\" \/>\n<meta property=\"og:site_name\" content=\"Prof.Dr. J\u00fcrgen Kromphardt\" \/>\n<meta property=\"article:modified_time\" content=\"2025-11-18T10:41:30+00:00\" \/>\n<meta name=\"twitter:card\" content=\"summary_large_image\" \/>\n<meta name=\"twitter:label1\" content=\"Gesch\u00e4tzte Lesezeit\" \/>\n\t<meta name=\"twitter:data1\" content=\"1\u00a0Minute\" \/>\n<script type=\"application\/ld+json\" class=\"yoast-schema-graph\">{\"@context\":\"https:\/\/schema.org\",\"@graph\":[{\"@type\":\"WebPage\",\"@id\":\"https:\/\/wiso-data.de\/kromphardt\/lebenslauf\/\",\"url\":\"https:\/\/wiso-data.de\/kromphardt\/lebenslauf\/\",\"name\":\"Lebenslauf - Prof.Dr. J\u00fcrgen Kromphardt\",\"isPartOf\":{\"@id\":\"https:\/\/wiso-data.de\/kromphardt\/#website\"},\"datePublished\":\"2019-01-08T09:41:36+00:00\",\"dateModified\":\"2025-11-18T10:41:30+00:00\",\"breadcrumb\":{\"@id\":\"https:\/\/wiso-data.de\/kromphardt\/lebenslauf\/#breadcrumb\"},\"inLanguage\":\"de\",\"potentialAction\":[{\"@type\":\"ReadAction\",\"target\":[\"https:\/\/wiso-data.de\/kromphardt\/lebenslauf\/\"]}]},{\"@type\":\"BreadcrumbList\",\"@id\":\"https:\/\/wiso-data.de\/kromphardt\/lebenslauf\/#breadcrumb\",\"itemListElement\":[{\"@type\":\"ListItem\",\"position\":1,\"name\":\"Startseite\",\"item\":\"https:\/\/wiso-data.de\/kromphardt\/\"},{\"@type\":\"ListItem\",\"position\":2,\"name\":\"Lebenslauf\"}]},{\"@type\":\"WebSite\",\"@id\":\"https:\/\/wiso-data.de\/kromphardt\/#website\",\"url\":\"https:\/\/wiso-data.de\/kromphardt\/\",\"name\":\"Prof.Dr. J\u00fcrgen Kromphardt\",\"description\":\"\",\"potentialAction\":[{\"@type\":\"SearchAction\",\"target\":{\"@type\":\"EntryPoint\",\"urlTemplate\":\"https:\/\/wiso-data.de\/kromphardt\/?s={search_term_string}\"},\"query-input\":{\"@type\":\"PropertyValueSpecification\",\"valueRequired\":true,\"valueName\":\"search_term_string\"}}],\"inLanguage\":\"de\"}]}<\/script>\n<!-- \/ Yoast SEO plugin. -->","yoast_head_json":{"title":"Lebenslauf - Prof.Dr. J\u00fcrgen Kromphardt","robots":{"index":"index","follow":"follow","max-snippet":"max-snippet:-1","max-image-preview":"max-image-preview:large","max-video-preview":"max-video-preview:-1"},"canonical":"https:\/\/wiso-data.de\/kromphardt\/lebenslauf\/","og_locale":"de_DE","og_type":"article","og_title":"Lebenslauf - Prof.Dr. J\u00fcrgen Kromphardt","og_description":"Lebenslauf &nbsp; Lebenslauf 1933 Geboren in Kiel 1952-1956 Studium der Volkswirtschaftslehre in G\u00f6ttingen und Kiel 1956 Diplom-Volkswirt an der Universit\u00e4t Kiel 1957 Promotion bei Prof. Dr. Erich Schneider an der Universit\u00e4t Kiel 1958-1965 sowie 1967-1968 T\u00e4tigkeit bei der Kommission der Europ\u00e4ischen Gemeinschaft in Luxemburg und Br\u00fcssel (Statistisches Amt, Generaldirektion Wirtschaft und Finanzen) 1965-1967 Habilitationsstipendium 1967 [&hellip;]","og_url":"https:\/\/wiso-data.de\/kromphardt\/lebenslauf\/","og_site_name":"Prof.Dr. J\u00fcrgen Kromphardt","article_modified_time":"2025-11-18T10:41:30+00:00","twitter_card":"summary_large_image","twitter_misc":{"Gesch\u00e4tzte Lesezeit":"1\u00a0Minute"},"schema":{"@context":"https:\/\/schema.org","@graph":[{"@type":"WebPage","@id":"https:\/\/wiso-data.de\/kromphardt\/lebenslauf\/","url":"https:\/\/wiso-data.de\/kromphardt\/lebenslauf\/","name":"Lebenslauf - Prof.Dr. J\u00fcrgen Kromphardt","isPartOf":{"@id":"https:\/\/wiso-data.de\/kromphardt\/#website"},"datePublished":"2019-01-08T09:41:36+00:00","dateModified":"2025-11-18T10:41:30+00:00","breadcrumb":{"@id":"https:\/\/wiso-data.de\/kromphardt\/lebenslauf\/#breadcrumb"},"inLanguage":"de","potentialAction":[{"@type":"ReadAction","target":["https:\/\/wiso-data.de\/kromphardt\/lebenslauf\/"]}]},{"@type":"BreadcrumbList","@id":"https:\/\/wiso-data.de\/kromphardt\/lebenslauf\/#breadcrumb","itemListElement":[{"@type":"ListItem","position":1,"name":"Startseite","item":"https:\/\/wiso-data.de\/kromphardt\/"},{"@type":"ListItem","position":2,"name":"Lebenslauf"}]},{"@type":"WebSite","@id":"https:\/\/wiso-data.de\/kromphardt\/#website","url":"https:\/\/wiso-data.de\/kromphardt\/","name":"Prof.Dr. J\u00fcrgen Kromphardt","description":"","potentialAction":[{"@type":"SearchAction","target":{"@type":"EntryPoint","urlTemplate":"https:\/\/wiso-data.de\/kromphardt\/?s={search_term_string}"},"query-input":{"@type":"PropertyValueSpecification","valueRequired":true,"valueName":"search_term_string"}}],"inLanguage":"de"}]}},"_links":{"self":[{"href":"https:\/\/wiso-data.de\/kromphardt\/wp-json\/wp\/v2\/pages\/33","targetHints":{"allow":["GET"]}}],"collection":[{"href":"https:\/\/wiso-data.de\/kromphardt\/wp-json\/wp\/v2\/pages"}],"about":[{"href":"https:\/\/wiso-data.de\/kromphardt\/wp-json\/wp\/v2\/types\/page"}],"author":[{"embeddable":true,"href":"https:\/\/wiso-data.de\/kromphardt\/wp-json\/wp\/v2\/users\/1"}],"replies":[{"embeddable":true,"href":"https:\/\/wiso-data.de\/kromphardt\/wp-json\/wp\/v2\/comments?post=33"}],"version-history":[{"count":2,"href":"https:\/\/wiso-data.de\/kromphardt\/wp-json\/wp\/v2\/pages\/33\/revisions"}],"predecessor-version":[{"id":211,"href":"https:\/\/wiso-data.de\/kromphardt\/wp-json\/wp\/v2\/pages\/33\/revisions\/211"}],"wp:attachment":[{"href":"https:\/\/wiso-data.de\/kromphardt\/wp-json\/wp\/v2\/media?parent=33"}],"wp:term":[{"taxonomy":"dipi_cpt_category","embeddable":true,"href":"https:\/\/wiso-data.de\/kromphardt\/wp-json\/wp\/v2\/dipi_cpt_category?post=33"}],"curies":[{"name":"wp","href":"https:\/\/api.w.org\/{rel}","templated":true}]}}