{"id":212191,"date":"2024-04-15T10:39:29","date_gmt":"2024-04-15T08:39:29","guid":{"rendered":"https:\/\/wiso-data.de\/echo-kamerun\/?page_id=212191"},"modified":"2024-04-15T10:43:19","modified_gmt":"2024-04-15T08:43:19","slug":"das-projekt","status":"publish","type":"page","link":"https:\/\/wiso-data.de\/echo-kamerun\/projekte\/echo-kamerun-bessere-zukunft-lendemain-meilleu\/das-projekt\/","title":{"rendered":"Das Projekt"},"content":{"rendered":"<p>[et_pb_section fb_built=&#8220;1&#8243; fullwidth=&#8220;on&#8220; _builder_version=&#8220;4.16&#8243; global_colors_info=&#8220;{}&#8220;][et_pb_fullwidth_image src=&#8220;https:\/\/wiso-data.de\/echo-kamerun\/wp-content\/uploads\/2018\/11\/Echoorange10.jpg&#8220; _builder_version=&#8220;4.16&#8243; global_colors_info=&#8220;{}&#8220;][\/et_pb_fullwidth_image][\/et_pb_section][et_pb_section fb_built=&#8220;1&#8243; custom_padding_last_edited=&#8220;off|desktop&#8220; admin_label=&#8220;Hero&#8220; _builder_version=&#8220;4.16&#8243; use_background_color_gradient=&#8220;on&#8220; background_color_gradient_direction=&#8220;90deg&#8220; background_color_gradient_stops=&#8220;rgba(0,0,0,0.34) 0%|rgba(0,0,0,0) 100%&#8220; background_color_gradient_overlays_image=&#8220;on&#8220; background_color_gradient_start=&#8220;rgba(0,0,0,0.34)&#8220; background_color_gradient_end=&#8220;rgba(0,0,0,0)&#8220; background_image=&#8220;https:\/\/wiso-data.de\/echo-kamerun\/wp-content\/uploads\/2020\/06\/Alex_LR_COL.jpg&#8220; custom_padding=&#8220;10%||10%|&#8220; locked=&#8220;off&#8220; global_colors_info=&#8220;{}&#8220;][et_pb_row _builder_version=&#8220;4.16&#8243; background_size=&#8220;initial&#8220; background_position=&#8220;top_left&#8220; background_repeat=&#8220;repeat&#8220; custom_margin=&#8220;10vw||||false|false&#8220; animation_style=&#8220;zoom&#8220; animation_intensity_zoom=&#8220;4%&#8220; global_colors_info=&#8220;{}&#8220;][et_pb_column type=&#8220;4_4&#8243; _builder_version=&#8220;4.16&#8243; custom_padding=&#8220;|||&#8220; global_colors_info=&#8220;{}&#8220; custom_padding__hover=&#8220;|||&#8220;][et_pb_text admin_label=&#8220;Title&#8220; _builder_version=&#8220;4.24.0&#8243; header_font_size=&#8220;42px&#8220; background_layout=&#8220;dark&#8220; max_width=&#8220;600px&#8220; animation_style=&#8220;fold&#8220; animation_direction=&#8220;bottom&#8220; animation_delay=&#8220;50ms&#8220; animation_intensity_fold=&#8220;30%&#8220; animation_starting_opacity=&#8220;100%&#8220; header_font_size_tablet=&#8220;&#8220; header_font_size_phone=&#8220;24px&#8220; header_font_size_last_edited=&#8220;on|desktop&#8220; global_colors_info=&#8220;{}&#8220;]<\/p>\n<h1>Bessere Zukunft \u2013 Lendemain Meilleur<\/h1>\n<p>[\/et_pb_text][et_pb_text _builder_version=&#8220;4.24.0&#8243; text_font=&#8220;|500|||||||&#8220; text_font_size=&#8220;24px&#8220; text_line_height=&#8220;1.8em&#8220; background_layout=&#8220;dark&#8220; max_width=&#8220;600px&#8220; animation_style=&#8220;fold&#8220; animation_direction=&#8220;bottom&#8220; animation_delay=&#8220;100ms&#8220; animation_intensity_fold=&#8220;30%&#8220; animation_starting_opacity=&#8220;100%&#8220; locked=&#8220;off&#8220; global_colors_info=&#8220;{}&#8220;]<\/p>\n<p>Echo Kamerun und Lendemain Meilleur schicken 21 mittellose Kinder in Kribi in die Schule<\/p>\n<p>[\/et_pb_text][\/et_pb_column][\/et_pb_row][\/et_pb_section][et_pb_section fb_built=&#8220;1&#8243; admin_label=&#8220;12 Days of Christmas &#8211; Day 02 Person Module 1&#8243; module_class=&#8220;day2-pm1 day2-pm&#8220; _builder_version=&#8220;4.16&#8243; background_image=&#8220;https:\/\/wiso-data.de\/echo-kamerun\/wp-content\/uploads\/2018\/08\/background1.png&#8220; background_size=&#8220;contain&#8220; background_position=&#8220;top_center&#8220; custom_padding=&#8220;10vh|0px|10vh|0px&#8220; global_colors_info=&#8220;{}&#8220;][et_pb_row _builder_version=&#8220;4.16&#8243; background_size=&#8220;initial&#8220; background_position=&#8220;top_left&#8220; background_repeat=&#8220;repeat&#8220; global_colors_info=&#8220;{}&#8220;][et_pb_column type=&#8220;4_4&#8243; _builder_version=&#8220;4.16&#8243; custom_padding=&#8220;|||&#8220; global_colors_info=&#8220;{}&#8220; custom_padding__hover=&#8220;|||&#8220;][et_pb_text _builder_version=&#8220;4.24.0&#8243; global_colors_info=&#8220;{}&#8220;]<\/p>\n<h1>Bessere Zukunft &#8211; Lendemain Meilleur<\/h1>\n<h2>Unser Projekt f\u00fcr Schulkinder<\/h2>\n<p>&nbsp;<\/p>\n<p><strong>Die Vereine Echo Kamerun und Lendemain Meilleur erm\u00f6glichen 21 Kindern in Kribi den Schulunterricht.<\/strong><\/p>\n<p>Die Einschulungsquote betr\u00e4gt in Kamerun 79 Prozent, was f\u00fcr afrikanische Verh\u00e4ltnisse hoch ist. Der Schulbesuch an staatlichen Grundschulen ist im Prinzip kostenlos. Aber Kosten f\u00fcr Schulmaterial, Uniformen und Pausenverpflegung m\u00fcssen von den Eltern getragen werden, was sich die Betreuer unserer Kinder, deren Eltern, Gro\u00dfeltern oder andere Familienmitglieder oft nicht leisten k\u00f6nnen.<br \/>Trotz der Schulpflicht betr\u00e4gt der Anteil der Analphabeten \u00fcber 25 Prozent.<\/p>\n<p>F\u00fcr jedes Kind werden pro Schuljahr 350 \u20ac ben\u00f6tigt. Wir erstellen j\u00e4hrliche eine detaillierte Auflistung des ben\u00f6tigten Materials. Dies beinhaltet seit 2022 neben Schulmaterial und -kleidung auch ein medizinisches Hygieneset, das den \u00fcblichen Krankheiten vorbeugen soll.<br \/>Es trug dazu bei, dass alle Kinder im letzten Jahr gesund waren.<br \/>Die Koordinatorin kauft in Kribi und Douala das Material ein und h\u00e4ndigt es den Kindern zum Schuljahresbeginn aus. Zum Schuhkauf treffen sich alle auf dem Markt, um die Schuhe anzuprobieren.<\/p>\n<p><strong>M\u00f6chten Sie mit uns in Kontakt treten?<\/strong><\/p>\n<p><strong>Mail: <\/strong>mail@echo-kamerun.de<br \/><strong>Telefon:<\/strong>\u00a0 0176 2479 6444<strong><\/strong><\/p>\n<p><strong>M\u00f6chten Sie einem Kind helfen?<\/strong><\/p>\n<p><strong>Sie k\u00f6nnen direkt f\u00fcr das Projekt spenden:<\/strong><br \/>Echo Kamerun e.V.<br \/>IBAN: DE76 1605 0000 3651 0354 40<br \/>BIC: WELADED1PMB<\/p>\n<p>[\/et_pb_text][\/et_pb_column][\/et_pb_row][et_pb_row _builder_version=&#8220;4.16&#8243; _module_preset=&#8220;default&#8220; custom_margin=&#8220;||0px||false|false&#8220; custom_padding=&#8220;||0px||false|false&#8220; global_colors_info=&#8220;{}&#8220;][et_pb_column type=&#8220;4_4&#8243; _builder_version=&#8220;4.16&#8243; _module_preset=&#8220;default&#8220; global_colors_info=&#8220;{}&#8220;][et_pb_text _builder_version=&#8220;4.16&#8243; _module_preset=&#8220;default&#8220; global_colors_info=&#8220;{}&#8220;]<\/p>\n<h2>F\u00fcr das Projekt verantwortlich:<\/h2>\n<p>[\/et_pb_text][\/et_pb_column][\/et_pb_row][et_pb_row column_structure=&#8220;1_2,1_2&#8243; use_custom_gutter=&#8220;on&#8220; admin_label=&#8220;12 Days of Christmas \u2013 Day 02 Person Module 1&#8243; _builder_version=&#8220;4.16&#8243; background_size=&#8220;initial&#8220; background_position=&#8220;top_left&#8220; background_repeat=&#8220;repeat&#8220; max_width=&#8220;1170px&#8220; use_custom_width=&#8220;on&#8220; custom_width_px=&#8220;1170px&#8220; global_colors_info=&#8220;{}&#8220;][et_pb_column type=&#8220;1_2&#8243; _builder_version=&#8220;4.16&#8243; custom_padding=&#8220;|||&#8220; global_colors_info=&#8220;{}&#8220; custom_padding__hover=&#8220;|||&#8220;][et_pb_image src=&#8220;https:\/\/wiso-data.de\/echo-kamerun\/wp-content\/uploads\/2019\/10\/Silvia4.jpg&#8220; show_in_lightbox=&#8220;on&#8220; align_tablet=&#8220;center&#8220; align_phone=&#8220;&#8220; align_last_edited=&#8220;on|desktop&#8220; admin_label=&#8220;Silvia Grimmsmann 1&#8243; _builder_version=&#8220;4.16&#8243; max_width=&#8220;400px&#8220; custom_padding=&#8220;10px|10px|10px|10px&#8220; border_radii=&#8220;on|0px|0px|0px|0px&#8220; border_color_all=&#8220;#ededed&#8220; box_shadow_style=&#8220;preset1&#8243; global_colors_info=&#8220;{}&#8220;][\/et_pb_image][et_pb_text _builder_version=&#8220;4.16&#8243; global_colors_info=&#8220;{}&#8220;]<\/p>\n<p>\nSilvia Grimmsmann f\u00fcr Echo Kamerun e.V.<\/p>\n<p>[\/et_pb_text][\/et_pb_column][et_pb_column type=&#8220;1_2&#8243; _builder_version=&#8220;4.16&#8243; custom_padding=&#8220;|||&#8220; global_colors_info=&#8220;{}&#8220; custom_padding__hover=&#8220;|||&#8220;][et_pb_image src=&#8220;https:\/\/wiso-data.de\/echo-kamerun\/wp-content\/uploads\/2019\/10\/Lydie4.jpg&#8220; show_in_lightbox=&#8220;on&#8220; align_tablet=&#8220;center&#8220; align_phone=&#8220;&#8220; align_last_edited=&#8220;on|desktop&#8220; admin_label=&#8220;Lydie Mahouve 1&#8243; _builder_version=&#8220;4.16&#8243; max_width=&#8220;400px&#8220; custom_padding=&#8220;10px|10px|10px|10px&#8220; border_radii=&#8220;on|0px|0px|0px|0px&#8220; border_color_all=&#8220;#ededed&#8220; box_shadow_style=&#8220;preset1&#8243; global_colors_info=&#8220;{}&#8220;][\/et_pb_image][et_pb_text _builder_version=&#8220;4.24.0&#8243; global_colors_info=&#8220;{}&#8220;]Lydie Mahouve f\u00fcr Bessere Zukunft[\/et_pb_text][\/et_pb_column][\/et_pb_row][et_pb_row _builder_version=&#8220;4.16&#8243; background_size=&#8220;initial&#8220; background_position=&#8220;top_left&#8220; background_repeat=&#8220;repeat&#8220; global_colors_info=&#8220;{}&#8220;][et_pb_column type=&#8220;4_4&#8243; _builder_version=&#8220;4.16&#8243; custom_padding=&#8220;|||&#8220; global_colors_info=&#8220;{}&#8220; custom_padding__hover=&#8220;|||&#8220;][et_pb_text disabled_on=&#8220;on|on|on&#8220; admin_label=&#8220;Uns ist wichtig, Sie als Spender \u00fcber den Fortschritt der Kinder zu informieren.&#8220; _builder_version=&#8220;4.17.4&#8243; disabled=&#8220;on&#8220; global_colors_info=&#8220;{}&#8220;]<\/p>\n<h3>Uns ist wichtig, Sie als Spender \u00fcber den Fortschritt der Kinder zu informieren.<\/h3>\n<p>Wir haben die Informationen \u00fcber die Kinder in einen passwortgesch\u00fctzten Bereich gelegt, um sie zu sch\u00fctzen.<br \/>Deshalb bekommen Sie als Spender Zugang zu diesem Bereich.<\/p>\n<p>[\/et_pb_text][et_pb_button button_url=&#8220;https:\/\/wiso-data.de\/echo-kamerun\/projekte\/echo-kamerun-bessere-zukunft-lendemain-meilleu\/bessere-zukunft-lendemain-meilleur-geschuetzter-bereich\/&#8220; button_text=&#8220;Lernen Sie die Kinder kennen!&#8220; button_alignment=&#8220;center&#8220; _builder_version=&#8220;4.24.0&#8243; _module_preset=&#8220;default&#8220; custom_button=&#8220;on&#8220; button_text_size=&#8220;27px&#8220; button_bg_color=&#8220;rgba(128,0,0,0.61)&#8220; button_border_width=&#8220;0px&#8220; button_border_radius=&#8220;4px&#8220; button_font=&#8220;|600|||||||&#8220; background_layout=&#8220;dark&#8220; custom_padding=&#8220;30px|30px|30px|30px|true|true&#8220; hover_enabled=&#8220;0&#8243; button_bg_color_tablet=&#8220;#3f32fc&#8220; button_bg_color_phone=&#8220;#3f32fc&#8220; button_bg_color_last_edited=&#8220;on|phone&#8220; box_shadow_style=&#8220;preset1&#8243; global_colors_info=&#8220;{}&#8220; button_bg_enable_color=&#8220;on&#8220; sticky_enabled=&#8220;0&#8243;][\/et_pb_button][\/et_pb_column][\/et_pb_row][\/et_pb_section]<\/p>\n","protected":false},"excerpt":{"rendered":"<p>Bessere Zukunft \u2013 Lendemain MeilleurEcho Kamerun und Lendemain Meilleur schicken 21 mittellose Kinder in Kribi in die SchuleBessere Zukunft &#8211; Lendemain Meilleur Unser Projekt f\u00fcr Schulkinder &nbsp; Die Vereine Echo Kamerun und Lendemain Meilleur erm\u00f6glichen 21 Kindern in Kribi den Schulunterricht. Die Einschulungsquote betr\u00e4gt in Kamerun 79 Prozent, was f\u00fcr afrikanische Verh\u00e4ltnisse hoch ist. Der [&hellip;]<\/p>\n","protected":false},"author":1,"featured_media":0,"parent":40,"menu_order":0,"comment_status":"closed","ping_status":"closed","template":"","meta":{"_et_pb_use_builder":"on","_et_pb_old_content":"","_et_gb_content_width":"","footnotes":""},"class_list":["post-212191","page","type-page","status-publish","hentry"],"yoast_head":"<!-- This site is optimized with the Yoast SEO plugin v24.3 - https:\/\/yoast.com\/wordpress\/plugins\/seo\/ -->\n<title>Das Projekt | Echo Kamerun e.V.<\/title>\n<meta name=\"robots\" content=\"index, follow, max-snippet:-1, max-image-preview:large, max-video-preview:-1\" \/>\n<link rel=\"canonical\" href=\"https:\/\/wiso-data.de\/echo-kamerun\/projekte\/echo-kamerun-bessere-zukunft-lendemain-meilleu\/das-projekt\/\" \/>\n<meta property=\"og:locale\" content=\"de_DE\" \/>\n<meta property=\"og:type\" content=\"article\" \/>\n<meta property=\"og:title\" content=\"Das Projekt | Echo Kamerun e.V.\" \/>\n<meta property=\"og:description\" content=\"Bessere Zukunft \u2013 Lendemain MeilleurEcho Kamerun und Lendemain Meilleur schicken 21 mittellose Kinder in Kribi in die SchuleBessere Zukunft - Lendemain Meilleur Unser Projekt f\u00fcr Schulkinder &nbsp; Die Vereine Echo Kamerun und Lendemain Meilleur erm\u00f6glichen 21 Kindern in Kribi den Schulunterricht. Die Einschulungsquote betr\u00e4gt in Kamerun 79 Prozent, was f\u00fcr afrikanische Verh\u00e4ltnisse hoch ist. Der [&hellip;]\" \/>\n<meta property=\"og:url\" content=\"https:\/\/wiso-data.de\/echo-kamerun\/projekte\/echo-kamerun-bessere-zukunft-lendemain-meilleu\/das-projekt\/\" \/>\n<meta property=\"og:site_name\" content=\"Echo Kamerun e.V.\" \/>\n<meta property=\"article:modified_time\" content=\"2024-04-15T08:43:19+00:00\" \/>\n<meta name=\"twitter:card\" content=\"summary_large_image\" \/>\n<meta name=\"twitter:label1\" content=\"Gesch\u00e4tzte Lesezeit\" \/>\n\t<meta name=\"twitter:data1\" content=\"12\u00a0Minuten\" \/>\n<script type=\"application\/ld+json\" class=\"yoast-schema-graph\">{\"@context\":\"https:\/\/schema.org\",\"@graph\":[{\"@type\":\"WebPage\",\"@id\":\"https:\/\/wiso-data.de\/echo-kamerun\/projekte\/echo-kamerun-bessere-zukunft-lendemain-meilleu\/das-projekt\/\",\"url\":\"https:\/\/wiso-data.de\/echo-kamerun\/projekte\/echo-kamerun-bessere-zukunft-lendemain-meilleu\/das-projekt\/\",\"name\":\"Das Projekt | Echo Kamerun e.V.\",\"isPartOf\":{\"@id\":\"https:\/\/wiso-data.de\/echo-kamerun\/#website\"},\"datePublished\":\"2024-04-15T08:39:29+00:00\",\"dateModified\":\"2024-04-15T08:43:19+00:00\",\"breadcrumb\":{\"@id\":\"https:\/\/wiso-data.de\/echo-kamerun\/projekte\/echo-kamerun-bessere-zukunft-lendemain-meilleu\/das-projekt\/#breadcrumb\"},\"inLanguage\":\"de\",\"potentialAction\":[{\"@type\":\"ReadAction\",\"target\":[\"https:\/\/wiso-data.de\/echo-kamerun\/projekte\/echo-kamerun-bessere-zukunft-lendemain-meilleu\/das-projekt\/\"]}]},{\"@type\":\"BreadcrumbList\",\"@id\":\"https:\/\/wiso-data.de\/echo-kamerun\/projekte\/echo-kamerun-bessere-zukunft-lendemain-meilleu\/das-projekt\/#breadcrumb\",\"itemListElement\":[{\"@type\":\"ListItem\",\"position\":1,\"name\":\"Startseite\",\"item\":\"https:\/\/wiso-data.de\/echo-kamerun\/\"},{\"@type\":\"ListItem\",\"position\":2,\"name\":\"Projekte\",\"item\":\"https:\/\/wiso-data.de\/echo-kamerun\/projekte\/\"},{\"@type\":\"ListItem\",\"position\":3,\"name\":\"Bessere Zukunft \u2013 Lendemain meilleur\",\"item\":\"https:\/\/wiso-data.de\/echo-kamerun\/projekte\/echo-kamerun-bessere-zukunft-lendemain-meilleu\/\"},{\"@type\":\"ListItem\",\"position\":4,\"name\":\"Das Projekt\"}]},{\"@type\":\"WebSite\",\"@id\":\"https:\/\/wiso-data.de\/echo-kamerun\/#website\",\"url\":\"https:\/\/wiso-data.de\/echo-kamerun\/\",\"name\":\"Echo Kamerun e.V.\",\"description\":\"Der Verein Echo-Kamerun aus Bad Belzig stellt sich vor\",\"potentialAction\":[{\"@type\":\"SearchAction\",\"target\":{\"@type\":\"EntryPoint\",\"urlTemplate\":\"https:\/\/wiso-data.de\/echo-kamerun\/?s={search_term_string}\"},\"query-input\":{\"@type\":\"PropertyValueSpecification\",\"valueRequired\":true,\"valueName\":\"search_term_string\"}}],\"inLanguage\":\"de\"}]}<\/script>\n<!-- \/ Yoast SEO plugin. -->","yoast_head_json":{"title":"Das Projekt | Echo Kamerun e.V.","robots":{"index":"index","follow":"follow","max-snippet":"max-snippet:-1","max-image-preview":"max-image-preview:large","max-video-preview":"max-video-preview:-1"},"canonical":"https:\/\/wiso-data.de\/echo-kamerun\/projekte\/echo-kamerun-bessere-zukunft-lendemain-meilleu\/das-projekt\/","og_locale":"de_DE","og_type":"article","og_title":"Das Projekt | Echo Kamerun e.V.","og_description":"Bessere Zukunft \u2013 Lendemain MeilleurEcho Kamerun und Lendemain Meilleur schicken 21 mittellose Kinder in Kribi in die SchuleBessere Zukunft - Lendemain Meilleur Unser Projekt f\u00fcr Schulkinder &nbsp; Die Vereine Echo Kamerun und Lendemain Meilleur erm\u00f6glichen 21 Kindern in Kribi den Schulunterricht. Die Einschulungsquote betr\u00e4gt in Kamerun 79 Prozent, was f\u00fcr afrikanische Verh\u00e4ltnisse hoch ist. Der [&hellip;]","og_url":"https:\/\/wiso-data.de\/echo-kamerun\/projekte\/echo-kamerun-bessere-zukunft-lendemain-meilleu\/das-projekt\/","og_site_name":"Echo Kamerun e.V.","article_modified_time":"2024-04-15T08:43:19+00:00","twitter_card":"summary_large_image","twitter_misc":{"Gesch\u00e4tzte Lesezeit":"12\u00a0Minuten"},"schema":{"@context":"https:\/\/schema.org","@graph":[{"@type":"WebPage","@id":"https:\/\/wiso-data.de\/echo-kamerun\/projekte\/echo-kamerun-bessere-zukunft-lendemain-meilleu\/das-projekt\/","url":"https:\/\/wiso-data.de\/echo-kamerun\/projekte\/echo-kamerun-bessere-zukunft-lendemain-meilleu\/das-projekt\/","name":"Das Projekt | Echo Kamerun e.V.","isPartOf":{"@id":"https:\/\/wiso-data.de\/echo-kamerun\/#website"},"datePublished":"2024-04-15T08:39:29+00:00","dateModified":"2024-04-15T08:43:19+00:00","breadcrumb":{"@id":"https:\/\/wiso-data.de\/echo-kamerun\/projekte\/echo-kamerun-bessere-zukunft-lendemain-meilleu\/das-projekt\/#breadcrumb"},"inLanguage":"de","potentialAction":[{"@type":"ReadAction","target":["https:\/\/wiso-data.de\/echo-kamerun\/projekte\/echo-kamerun-bessere-zukunft-lendemain-meilleu\/das-projekt\/"]}]},{"@type":"BreadcrumbList","@id":"https:\/\/wiso-data.de\/echo-kamerun\/projekte\/echo-kamerun-bessere-zukunft-lendemain-meilleu\/das-projekt\/#breadcrumb","itemListElement":[{"@type":"ListItem","position":1,"name":"Startseite","item":"https:\/\/wiso-data.de\/echo-kamerun\/"},{"@type":"ListItem","position":2,"name":"Projekte","item":"https:\/\/wiso-data.de\/echo-kamerun\/projekte\/"},{"@type":"ListItem","position":3,"name":"Bessere Zukunft \u2013 Lendemain meilleur","item":"https:\/\/wiso-data.de\/echo-kamerun\/projekte\/echo-kamerun-bessere-zukunft-lendemain-meilleu\/"},{"@type":"ListItem","position":4,"name":"Das Projekt"}]},{"@type":"WebSite","@id":"https:\/\/wiso-data.de\/echo-kamerun\/#website","url":"https:\/\/wiso-data.de\/echo-kamerun\/","name":"Echo Kamerun e.V.","description":"Der Verein Echo-Kamerun aus Bad Belzig stellt sich vor","potentialAction":[{"@type":"SearchAction","target":{"@type":"EntryPoint","urlTemplate":"https:\/\/wiso-data.de\/echo-kamerun\/?s={search_term_string}"},"query-input":{"@type":"PropertyValueSpecification","valueRequired":true,"valueName":"search_term_string"}}],"inLanguage":"de"}]}},"_links":{"self":[{"href":"https:\/\/wiso-data.de\/echo-kamerun\/wp-json\/wp\/v2\/pages\/212191","targetHints":{"allow":["GET"]}}],"collection":[{"href":"https:\/\/wiso-data.de\/echo-kamerun\/wp-json\/wp\/v2\/pages"}],"about":[{"href":"https:\/\/wiso-data.de\/echo-kamerun\/wp-json\/wp\/v2\/types\/page"}],"author":[{"embeddable":true,"href":"https:\/\/wiso-data.de\/echo-kamerun\/wp-json\/wp\/v2\/users\/1"}],"replies":[{"embeddable":true,"href":"https:\/\/wiso-data.de\/echo-kamerun\/wp-json\/wp\/v2\/comments?post=212191"}],"version-history":[{"count":3,"href":"https:\/\/wiso-data.de\/echo-kamerun\/wp-json\/wp\/v2\/pages\/212191\/revisions"}],"predecessor-version":[{"id":212195,"href":"https:\/\/wiso-data.de\/echo-kamerun\/wp-json\/wp\/v2\/pages\/212191\/revisions\/212195"}],"up":[{"embeddable":true,"href":"https:\/\/wiso-data.de\/echo-kamerun\/wp-json\/wp\/v2\/pages\/40"}],"wp:attachment":[{"href":"https:\/\/wiso-data.de\/echo-kamerun\/wp-json\/wp\/v2\/media?parent=212191"}],"curies":[{"name":"wp","href":"https:\/\/api.w.org\/{rel}","templated":true}]}}