{"id":212076,"date":"2023-06-29T09:47:55","date_gmt":"2023-06-29T07:47:55","guid":{"rendered":"https:\/\/wiso-data.de\/echo-kamerun\/?page_id=212076"},"modified":"2023-06-29T09:51:45","modified_gmt":"2023-06-29T07:51:45","slug":"mbile","status":"publish","type":"page","link":"https:\/\/wiso-data.de\/echo-kamerun\/projekte\/echo-kamerun-bessere-zukunft-lendemain-meilleu\/mbile\/","title":{"rendered":"Mbile"},"content":{"rendered":"<p>[et_pb_section fb_built=&#8220;1&#8243; admin_label=&#8220;12 Days of Christmas &#8211; Day 02 Person Module 1&#8243; module_class=&#8220;day2-pm1 day2-pm&#8220; _builder_version=&#8220;4.16&#8243; background_image=&#8220;https:\/\/wiso-data.de\/echo-kamerun\/wp-content\/uploads\/2018\/08\/background1.png&#8220; background_size=&#8220;contain&#8220; background_position=&#8220;top_center&#8220; custom_padding=&#8220;10vh|0px|10vh|0px&#8220; global_colors_info=&#8220;{}&#8220;][et_pb_row _builder_version=&#8220;4.16&#8243; background_size=&#8220;initial&#8220; background_position=&#8220;top_left&#8220; background_repeat=&#8220;repeat&#8220; global_colors_info=&#8220;{}&#8220;][et_pb_column type=&#8220;4_4&#8243; _builder_version=&#8220;4.16&#8243; custom_padding=&#8220;|||&#8220; global_colors_info=&#8220;{}&#8220; custom_padding__hover=&#8220;|||&#8220;][et_pb_text _builder_version=&#8220;4.20.4&#8243; global_colors_info=&#8220;{}&#8220;]<\/p>\n<h1>Mbile<\/h1>\n<p>[\/et_pb_text][\/et_pb_column][\/et_pb_row][et_pb_row disabled_on=&#8220;on|on|on&#8220; _builder_version=&#8220;4.20.4&#8243; _module_preset=&#8220;default&#8220; disabled=&#8220;on&#8220; global_colors_info=&#8220;{}&#8220;][et_pb_column type=&#8220;4_4&#8243; _builder_version=&#8220;4.17.4&#8243; _module_preset=&#8220;default&#8220; global_colors_info=&#8220;{}&#8220;][et_pb_text _builder_version=&#8220;4.20.4&#8243; _module_preset=&#8220;default&#8220; global_colors_info=&#8220;{}&#8220;]<\/p>\n<p><strong>Geburtstag: 05. April 2016 in Kribi<\/strong><\/p>\n<p>Christian L\u00e9o kommt aus einer Patchworkfamilie. Wegen der Armut hat Christian L\u00e9o keinen Kindergarten besuchen.<\/p>\n<p>Die Mutter von Christian L\u00e9o hat manchmal im Hotel gearbeitet (f\u00fcr sehr kurze Zeit). Sein Vater lebt in den Tag. Das Brot f\u00fcr die Familie gewinnt er je nach der Wille ihrer eventuellen Arbeitgeber. Der Vater ist fast nie zu Hause.<\/p>\n<p>Christian Leo ist der Cousin von dem gestorbenen Marc Collins und wohnt in dem Haus, wo auch Marc Collins wohnte.<\/p>\n<p>Ihre gemeinsame Oma, die die\u00a0 Verantwortung ihrer Enkel \u00fcbernommen hatte, lebt seit dem Tod von Marc Collins nicht mehr da. Diese Tatsache verkompliziert das Leben in dieser Familie, besonders das der Enkel, die dort wohnen.<\/p>\n<p>Gleich wie oder ein bisschen mehr als die anderen Kinder des Projekts &#8222;Bessere Zukunft&#8220; braucht der kleine Christian L\u00e9o unterst\u00fctzt zu<br \/>werden.<\/p>\n<p>[\/et_pb_text][\/et_pb_column][\/et_pb_row][et_pb_row _builder_version=&#8220;4.20.4&#8243; _module_preset=&#8220;default&#8220; global_colors_info=&#8220;{}&#8220;][et_pb_column type=&#8220;4_4&#8243; _builder_version=&#8220;4.20.4&#8243; _module_preset=&#8220;default&#8220; global_colors_info=&#8220;{}&#8220;][et_pb_image src=&#8220;https:\/\/wiso-data.de\/echo-kamerun\/wp-content\/uploads\/2023\/06\/Mbile.jpg&#8220; title_text=&#8220;Mbile&#8220; _builder_version=&#8220;4.20.4&#8243; _module_preset=&#8220;default&#8220; global_colors_info=&#8220;{}&#8220;][\/et_pb_image][et_pb_text _builder_version=&#8220;4.20.4&#8243; _module_preset=&#8220;default&#8220; text_orientation=&#8220;center&#8220; hover_enabled=&#8220;0&#8243; global_colors_info=&#8220;{}&#8220; sticky_enabled=&#8220;0&#8243;]<\/p>\n<p>2022 Schuljahresbeginn<\/p>\n<p>[\/et_pb_text][\/et_pb_column][\/et_pb_row][\/et_pb_section]<\/p>\n","protected":false},"excerpt":{"rendered":"<p>MbileGeburtstag: 05. April 2016 in Kribi Christian L\u00e9o kommt aus einer Patchworkfamilie. Wegen der Armut hat Christian L\u00e9o keinen Kindergarten besuchen. Die Mutter von Christian L\u00e9o hat manchmal im Hotel gearbeitet (f\u00fcr sehr kurze Zeit). Sein Vater lebt in den Tag. Das Brot f\u00fcr die Familie gewinnt er je nach der Wille ihrer eventuellen Arbeitgeber. [&hellip;]<\/p>\n","protected":false},"author":1,"featured_media":0,"parent":40,"menu_order":23,"comment_status":"closed","ping_status":"closed","template":"","meta":{"_et_pb_use_builder":"on","_et_pb_old_content":"","_et_gb_content_width":"","footnotes":""},"class_list":["post-212076","page","type-page","status-publish","hentry"],"yoast_head":"<!-- This site is optimized with the Yoast SEO plugin v24.3 - https:\/\/yoast.com\/wordpress\/plugins\/seo\/ -->\n<title>Mbile | Echo Kamerun e.V.<\/title>\n<meta name=\"robots\" content=\"index, follow, max-snippet:-1, max-image-preview:large, max-video-preview:-1\" \/>\n<link rel=\"canonical\" href=\"https:\/\/wiso-data.de\/echo-kamerun\/projekte\/echo-kamerun-bessere-zukunft-lendemain-meilleu\/mbile\/\" \/>\n<meta property=\"og:locale\" content=\"de_DE\" \/>\n<meta property=\"og:type\" content=\"article\" \/>\n<meta property=\"og:title\" content=\"Mbile | Echo Kamerun e.V.\" \/>\n<meta property=\"og:description\" content=\"MbileGeburtstag: 05. April 2016 in Kribi Christian L\u00e9o kommt aus einer Patchworkfamilie. Wegen der Armut hat Christian L\u00e9o keinen Kindergarten besuchen. Die Mutter von Christian L\u00e9o hat manchmal im Hotel gearbeitet (f\u00fcr sehr kurze Zeit). Sein Vater lebt in den Tag. Das Brot f\u00fcr die Familie gewinnt er je nach der Wille ihrer eventuellen Arbeitgeber. [&hellip;]\" \/>\n<meta property=\"og:url\" content=\"https:\/\/wiso-data.de\/echo-kamerun\/projekte\/echo-kamerun-bessere-zukunft-lendemain-meilleu\/mbile\/\" \/>\n<meta property=\"og:site_name\" content=\"Echo Kamerun e.V.\" \/>\n<meta property=\"article:modified_time\" content=\"2023-06-29T07:51:45+00:00\" \/>\n<meta name=\"twitter:card\" content=\"summary_large_image\" \/>\n<meta name=\"twitter:label1\" content=\"Gesch\u00e4tzte Lesezeit\" \/>\n\t<meta name=\"twitter:data1\" content=\"3\u00a0Minuten\" \/>\n<script type=\"application\/ld+json\" class=\"yoast-schema-graph\">{\"@context\":\"https:\/\/schema.org\",\"@graph\":[{\"@type\":\"WebPage\",\"@id\":\"https:\/\/wiso-data.de\/echo-kamerun\/projekte\/echo-kamerun-bessere-zukunft-lendemain-meilleu\/mbile\/\",\"url\":\"https:\/\/wiso-data.de\/echo-kamerun\/projekte\/echo-kamerun-bessere-zukunft-lendemain-meilleu\/mbile\/\",\"name\":\"Mbile | Echo Kamerun e.V.\",\"isPartOf\":{\"@id\":\"https:\/\/wiso-data.de\/echo-kamerun\/#website\"},\"datePublished\":\"2023-06-29T07:47:55+00:00\",\"dateModified\":\"2023-06-29T07:51:45+00:00\",\"breadcrumb\":{\"@id\":\"https:\/\/wiso-data.de\/echo-kamerun\/projekte\/echo-kamerun-bessere-zukunft-lendemain-meilleu\/mbile\/#breadcrumb\"},\"inLanguage\":\"de\",\"potentialAction\":[{\"@type\":\"ReadAction\",\"target\":[\"https:\/\/wiso-data.de\/echo-kamerun\/projekte\/echo-kamerun-bessere-zukunft-lendemain-meilleu\/mbile\/\"]}]},{\"@type\":\"BreadcrumbList\",\"@id\":\"https:\/\/wiso-data.de\/echo-kamerun\/projekte\/echo-kamerun-bessere-zukunft-lendemain-meilleu\/mbile\/#breadcrumb\",\"itemListElement\":[{\"@type\":\"ListItem\",\"position\":1,\"name\":\"Startseite\",\"item\":\"https:\/\/wiso-data.de\/echo-kamerun\/\"},{\"@type\":\"ListItem\",\"position\":2,\"name\":\"Projekte\",\"item\":\"https:\/\/wiso-data.de\/echo-kamerun\/projekte\/\"},{\"@type\":\"ListItem\",\"position\":3,\"name\":\"Bessere Zukunft \u2013 Lendemain meilleur\",\"item\":\"https:\/\/wiso-data.de\/echo-kamerun\/projekte\/echo-kamerun-bessere-zukunft-lendemain-meilleu\/\"},{\"@type\":\"ListItem\",\"position\":4,\"name\":\"Mbile\"}]},{\"@type\":\"WebSite\",\"@id\":\"https:\/\/wiso-data.de\/echo-kamerun\/#website\",\"url\":\"https:\/\/wiso-data.de\/echo-kamerun\/\",\"name\":\"Echo Kamerun e.V.\",\"description\":\"Der Verein Echo-Kamerun aus Bad Belzig stellt sich vor\",\"potentialAction\":[{\"@type\":\"SearchAction\",\"target\":{\"@type\":\"EntryPoint\",\"urlTemplate\":\"https:\/\/wiso-data.de\/echo-kamerun\/?s={search_term_string}\"},\"query-input\":{\"@type\":\"PropertyValueSpecification\",\"valueRequired\":true,\"valueName\":\"search_term_string\"}}],\"inLanguage\":\"de\"}]}<\/script>\n<!-- \/ Yoast SEO plugin. -->","yoast_head_json":{"title":"Mbile | Echo Kamerun e.V.","robots":{"index":"index","follow":"follow","max-snippet":"max-snippet:-1","max-image-preview":"max-image-preview:large","max-video-preview":"max-video-preview:-1"},"canonical":"https:\/\/wiso-data.de\/echo-kamerun\/projekte\/echo-kamerun-bessere-zukunft-lendemain-meilleu\/mbile\/","og_locale":"de_DE","og_type":"article","og_title":"Mbile | Echo Kamerun e.V.","og_description":"MbileGeburtstag: 05. April 2016 in Kribi Christian L\u00e9o kommt aus einer Patchworkfamilie. Wegen der Armut hat Christian L\u00e9o keinen Kindergarten besuchen. Die Mutter von Christian L\u00e9o hat manchmal im Hotel gearbeitet (f\u00fcr sehr kurze Zeit). Sein Vater lebt in den Tag. Das Brot f\u00fcr die Familie gewinnt er je nach der Wille ihrer eventuellen Arbeitgeber. [&hellip;]","og_url":"https:\/\/wiso-data.de\/echo-kamerun\/projekte\/echo-kamerun-bessere-zukunft-lendemain-meilleu\/mbile\/","og_site_name":"Echo Kamerun e.V.","article_modified_time":"2023-06-29T07:51:45+00:00","twitter_card":"summary_large_image","twitter_misc":{"Gesch\u00e4tzte Lesezeit":"3\u00a0Minuten"},"schema":{"@context":"https:\/\/schema.org","@graph":[{"@type":"WebPage","@id":"https:\/\/wiso-data.de\/echo-kamerun\/projekte\/echo-kamerun-bessere-zukunft-lendemain-meilleu\/mbile\/","url":"https:\/\/wiso-data.de\/echo-kamerun\/projekte\/echo-kamerun-bessere-zukunft-lendemain-meilleu\/mbile\/","name":"Mbile | Echo Kamerun e.V.","isPartOf":{"@id":"https:\/\/wiso-data.de\/echo-kamerun\/#website"},"datePublished":"2023-06-29T07:47:55+00:00","dateModified":"2023-06-29T07:51:45+00:00","breadcrumb":{"@id":"https:\/\/wiso-data.de\/echo-kamerun\/projekte\/echo-kamerun-bessere-zukunft-lendemain-meilleu\/mbile\/#breadcrumb"},"inLanguage":"de","potentialAction":[{"@type":"ReadAction","target":["https:\/\/wiso-data.de\/echo-kamerun\/projekte\/echo-kamerun-bessere-zukunft-lendemain-meilleu\/mbile\/"]}]},{"@type":"BreadcrumbList","@id":"https:\/\/wiso-data.de\/echo-kamerun\/projekte\/echo-kamerun-bessere-zukunft-lendemain-meilleu\/mbile\/#breadcrumb","itemListElement":[{"@type":"ListItem","position":1,"name":"Startseite","item":"https:\/\/wiso-data.de\/echo-kamerun\/"},{"@type":"ListItem","position":2,"name":"Projekte","item":"https:\/\/wiso-data.de\/echo-kamerun\/projekte\/"},{"@type":"ListItem","position":3,"name":"Bessere Zukunft \u2013 Lendemain meilleur","item":"https:\/\/wiso-data.de\/echo-kamerun\/projekte\/echo-kamerun-bessere-zukunft-lendemain-meilleu\/"},{"@type":"ListItem","position":4,"name":"Mbile"}]},{"@type":"WebSite","@id":"https:\/\/wiso-data.de\/echo-kamerun\/#website","url":"https:\/\/wiso-data.de\/echo-kamerun\/","name":"Echo Kamerun e.V.","description":"Der Verein Echo-Kamerun aus Bad Belzig stellt sich vor","potentialAction":[{"@type":"SearchAction","target":{"@type":"EntryPoint","urlTemplate":"https:\/\/wiso-data.de\/echo-kamerun\/?s={search_term_string}"},"query-input":{"@type":"PropertyValueSpecification","valueRequired":true,"valueName":"search_term_string"}}],"inLanguage":"de"}]}},"_links":{"self":[{"href":"https:\/\/wiso-data.de\/echo-kamerun\/wp-json\/wp\/v2\/pages\/212076","targetHints":{"allow":["GET"]}}],"collection":[{"href":"https:\/\/wiso-data.de\/echo-kamerun\/wp-json\/wp\/v2\/pages"}],"about":[{"href":"https:\/\/wiso-data.de\/echo-kamerun\/wp-json\/wp\/v2\/types\/page"}],"author":[{"embeddable":true,"href":"https:\/\/wiso-data.de\/echo-kamerun\/wp-json\/wp\/v2\/users\/1"}],"replies":[{"embeddable":true,"href":"https:\/\/wiso-data.de\/echo-kamerun\/wp-json\/wp\/v2\/comments?post=212076"}],"version-history":[{"count":5,"href":"https:\/\/wiso-data.de\/echo-kamerun\/wp-json\/wp\/v2\/pages\/212076\/revisions"}],"predecessor-version":[{"id":212083,"href":"https:\/\/wiso-data.de\/echo-kamerun\/wp-json\/wp\/v2\/pages\/212076\/revisions\/212083"}],"up":[{"embeddable":true,"href":"https:\/\/wiso-data.de\/echo-kamerun\/wp-json\/wp\/v2\/pages\/40"}],"wp:attachment":[{"href":"https:\/\/wiso-data.de\/echo-kamerun\/wp-json\/wp\/v2\/media?parent=212076"}],"curies":[{"name":"wp","href":"https:\/\/api.w.org\/{rel}","templated":true}]}}