{"id":211300,"date":"2019-05-14T21:52:05","date_gmt":"2019-05-14T19:52:05","guid":{"rendered":"https:\/\/wiso-data.de\/echo-kamerun\/?page_id=211300"},"modified":"2021-04-25T11:15:50","modified_gmt":"2021-04-25T09:15:50","slug":"einschulung-2019-bessere-zukunft-lendemain-meilleur","status":"publish","type":"page","link":"https:\/\/wiso-data.de\/echo-kamerun\/projekte\/echo-kamerun-bessere-zukunft-lendemain-meilleu\/bessere-zukunft-lendemain-meilleur-geschuetzter-bereich\/einschulung-2019-bessere-zukunft-lendemain-meilleur\/","title":{"rendered":"Einschulung 2019 &#8211; Bessere Zukunft \u2013 Lendemain meilleur"},"content":{"rendered":"<p>[et_pb_section fb_built=&#8220;1&#8243; custom_padding_last_edited=&#8220;off|desktop&#8220; admin_label=&#8220;Hero&#8220; _builder_version=&#8220;3.17.6&#8243; use_background_color_gradient=&#8220;on&#8220; background_color_gradient_start=&#8220;rgba(0,0,0,0.75)&#8220; background_color_gradient_end=&#8220;rgba(0,0,0,0.2)&#8220; background_color_gradient_direction=&#8220;90deg&#8220; background_color_gradient_overlays_image=&#8220;on&#8220; background_image=&#8220;https:\/\/wiso-data.de\/echo-kamerun\/wp-content\/uploads\/2019\/11\/EchoKamerunBannerNEU2b.jpg&#8220; custom_padding=&#8220;10%||10%|&#8220;][et_pb_row custom_margin=&#8220;|||&#8220; _builder_version=&#8220;3.17.6&#8243; background_size=&#8220;initial&#8220; background_position=&#8220;top_left&#8220; background_repeat=&#8220;repeat&#8220; animation_style=&#8220;zoom&#8220; animation_intensity_zoom=&#8220;4%&#8220;][et_pb_column type=&#8220;4_4&#8243; _builder_version=&#8220;3.0.47&#8243; parallax=&#8220;off&#8220; parallax_method=&#8220;on&#8220;][et_pb_text admin_label=&#8220;Subtitle&#8220; _builder_version=&#8220;3.17.6&#8243; background_layout=&#8220;dark&#8220; max_width=&#8220;600px&#8220; animation_style=&#8220;fold&#8220; animation_direction=&#8220;bottom&#8220; animation_intensity_fold=&#8220;30%&#8220; animation_starting_opacity=&#8220;100%&#8220;]<\/p>\n<p>Gesch\u00fctzter Bereich<\/p>\n<p>[\/et_pb_text][et_pb_text admin_label=&#8220;Title&#8220; _builder_version=&#8220;3.17.6&#8243; header_font_size=&#8220;42px&#8220; header_font_size_phone=&#8220;24px&#8220; header_font_size_last_edited=&#8220;on|desktop&#8220; background_layout=&#8220;dark&#8220; max_width=&#8220;600px&#8220; animation_style=&#8220;fold&#8220; animation_direction=&#8220;bottom&#8220; animation_delay=&#8220;50ms&#8220; animation_intensity_fold=&#8220;30%&#8220; animation_starting_opacity=&#8220;100%&#8220;]<\/p>\n<h1>Bessere Zukunft \u2013 Lendemain meilleur<\/h1>\n<p>[\/et_pb_text][et_pb_text _builder_version=&#8220;3.17.6&#8243; text_font=&#8220;|500|||||||&#8220; text_font_size=&#8220;24px&#8220; text_line_height=&#8220;1.8em&#8220; background_layout=&#8220;dark&#8220; max_width=&#8220;600px&#8220; animation_style=&#8220;fold&#8220; animation_direction=&#8220;bottom&#8220; animation_delay=&#8220;100ms&#8220; animation_intensity_fold=&#8220;30%&#8220; animation_starting_opacity=&#8220;100%&#8220;]<\/p>\n<p>Echo Kamerun und Echo-Belzig-Kribi schicken 20 mittellose Kinder in Kribi in die Schule<\/p>\n<p>[\/et_pb_text][\/et_pb_column][\/et_pb_row][\/et_pb_section][et_pb_section fb_built=&#8220;1&#8243; admin_label=&#8220;Recipes&#8220; _builder_version=&#8220;3.12.2&#8243; background_image=&#8220;https:\/\/wiso-data.de\/echo-kamerun\/wp-content\/uploads\/2018\/08\/background1.png&#8220; background_size=&#8220;initial&#8220; custom_padding=&#8220;90px||90px|&#8220;][et_pb_row custom_margin=&#8220;|||&#8220; _builder_version=&#8220;3.0.105&#8243;][et_pb_column type=&#8220;4_4&#8243; _builder_version=&#8220;3.0.47&#8243; parallax=&#8220;off&#8220; parallax_method=&#8220;on&#8220;][et_pb_text admin_label=&#8220;TitleEinschulung im Jahr 2018&#8243; _builder_version=&#8220;3.17.6&#8243; header_2_font=&#8220;Cormorant Garamond|500|||||||&#8220; header_2_text_color=&#8220;#1e1e1e&#8220; header_2_font_size=&#8220;36px&#8220; custom_margin=&#8220;||15px|&#8220;]<\/p>\n<h1>Die Kinder des Jahrgangs 2019<\/h1>\n<p>In Kribi wurden zwei weitere Kinder ausgesucht, um eingeschult zu werden. So wuchs die Gesamtzahl der gef\u00f6rderten Kinder auf die endg\u00fcltige Zahl von 20 an.<\/p>\n<p style=\"text-align: left;\">Jedes Kind brauchte f\u00fcr das erste Schuljahr 200\u20ac, um in eine&nbsp;\u00f6ffentliche Schule zu gehen und 340\u20ac, um in eine Privatschule zu gehen.<\/p>\n<h1 style=\"text-align: center;\">Die Kinder<\/h1>\n<p>[\/et_pb_text][\/et_pb_column][\/et_pb_row][et_pb_row _builder_version=&#8220;3.0.105&#8243;][et_pb_column type=&#8220;1_2&#8243; _builder_version=&#8220;3.0.47&#8243; parallax=&#8220;off&#8220; parallax_method=&#8220;on&#8220;][et_pb_blurb title=&#8220;Bidjo Bessala Andr\u00e9 Junior&#8220; image=&#8220;https:\/\/wiso-data.de\/echo-kamerun\/wp-content\/uploads\/2019\/05\/Andre300.jpg&#8220; admin_label=&#8220;Atouba Andr\u00e9 Boris &#8220; _builder_version=&#8220;3.17.6&#8243; header_level=&#8220;h3&#8243; header_font=&#8220;Cormorant Garamond||||||||&#8220; header_font_size=&#8220;24px&#8220; body_font=&#8220;Montserrat|500|||||||&#8220; body_font_size=&#8220;13px&#8220; body_line_height=&#8220;1.8em&#8220; box_shadow_style_image=&#8220;preset1&#8243; text_orientation=&#8220;center&#8220; animation=&#8220;off&#8220;]Geboren am 9. Februar 2012<br \/>\nSeine Mutter ist Witwe, hat keine Ausbildung und ist arbeitslos. Ihr Mann hinterlie\u00df sie mit vier Kindern und einer Schwangerschaft. Die Schwiegerfamilie lie\u00df die Frau und die Halbwaisen im Stich. Ab und zu gelingt es ihr, Eink\u00fcnfte durch Hilfs- und Putzt\u00e4tigkeiten zu erhalten (das sind dann maximal 23\u20ac pro Monat).[\/et_pb_blurb][\/et_pb_column][et_pb_column type=&#8220;1_2&#8243; _builder_version=&#8220;3.0.47&#8243; parallax=&#8220;off&#8220; parallax_method=&#8220;on&#8220;][et_pb_blurb title=&#8220;Bekale Emmanuel Ghislain&#8220; image=&#8220;https:\/\/wiso-data.de\/echo-kamerun\/wp-content\/uploads\/2020\/07\/Bekale300.jpg&#8220; admin_label=&#8220;Bekale Emmanuel Ghislain&#8220; _builder_version=&#8220;3.17.6&#8243; header_level=&#8220;h3&#8243; header_font=&#8220;Cormorant Garamond||||||||&#8220; header_font_size=&#8220;24px&#8220; body_font=&#8220;Montserrat|500|||||||&#8220; body_font_size=&#8220;13px&#8220; body_line_height=&#8220;1.8em&#8220; box_shadow_style_image=&#8220;preset1&#8243; text_orientation=&#8220;center&#8220; animation=&#8220;off&#8220;]Geburtsjahr: 2014<\/p>\n<p>Emmanuel stammt\u00a0aus einem Dorf im Umkreis von Kribi, in dem eine Einschulungsrate nicht wahrnehmbar ist. Das Wort &#8222;Schule&#8220; war kaum\u00a0ein Ger\u00e4usch in seinen Ohren. Mit f\u00fcnf Jahren konnte er kein Wort Franz\u00f6sisch, ging aber schon auf die Jagd.<\/p>\n<p>Sein Vater war verschwunden. Seine Mutter betreibt Ackerbau, aber der katastrophale Zustand der Stra\u00dfen erlaubt ihr nicht, ihre Ernte gewinnbringend zu verkaufen.<\/p>\n<p>Emmanuel wurde in das Projekt aufgenommen als Hoffnung einer ganzen Familie und sogar eines ganzen Dorfes. Die stellvertretende Vorsitzende des Partnervereins erkl\u00e4rte sich bereit, Emmanuel bei sich aufzunehmen.<\/p>\n<p>Zu Beginn des Jahres 2020 war er oft krank. \u00c4rztliche Untersuchungen konnten keine Ergebnisse erbringen, er nahm aber immer weiter ab und wurde schw\u00e4cher. Schlie\u00dflich entschied sich die Familie, ihn wieder ins Dorf zur\u00fcckzuholen, um ihn dort auf traditionelle Weise zu pflegen. Er ist nie nach Kribi zur\u00fcckgekehrt und schied aus dem Programm aus.<br \/>\n[\/et_pb_blurb][\/et_pb_column][\/et_pb_row][et_pb_row _builder_version=&#8220;3.0.48&#8243; background_size=&#8220;initial&#8220; background_position=&#8220;top_left&#8220; background_repeat=&#8220;repeat&#8220;][et_pb_column type=&#8220;4_4&#8243; _builder_version=&#8220;3.0.47&#8243; parallax=&#8220;off&#8220; parallax_method=&#8220;on&#8220;][et_pb_image src=&#8220;https:\/\/wiso-data.de\/echo-kamerun\/wp-content\/uploads\/2020\/07\/Einschulung-2019.jpg&#8220; _builder_version=&#8220;3.17.6&#8243;][\/et_pb_image][\/et_pb_column][\/et_pb_row][\/et_pb_section]<\/p>\n","protected":false},"excerpt":{"rendered":"<p>Gesch\u00fctzter Bereich Bessere Zukunft \u2013 Lendemain meilleur Echo Kamerun und Echo-Belzig-Kribi schicken 20 mittellose Kinder in Kribi in die Schule Die Kinder des Jahrgangs 2019 In Kribi wurden zwei weitere Kinder ausgesucht, um eingeschult zu werden. So wuchs die Gesamtzahl der gef\u00f6rderten Kinder auf die endg\u00fcltige Zahl von 20 an. Jedes Kind brauchte f\u00fcr das [&hellip;]<\/p>\n","protected":false},"author":1,"featured_media":0,"parent":42,"menu_order":1,"comment_status":"closed","ping_status":"closed","template":"","meta":{"_et_pb_use_builder":"on","_et_pb_old_content":"","_et_gb_content_width":"","footnotes":""},"class_list":["post-211300","page","type-page","status-publish","hentry"],"yoast_head":"<!-- This site is optimized with the Yoast SEO plugin v24.3 - https:\/\/yoast.com\/wordpress\/plugins\/seo\/ -->\n<title>Einschulung 2019 - Bessere Zukunft \u2013 Lendemain meilleur | Echo Kamerun e.V.<\/title>\n<meta name=\"robots\" content=\"index, follow, max-snippet:-1, max-image-preview:large, max-video-preview:-1\" \/>\n<link rel=\"canonical\" href=\"https:\/\/wiso-data.de\/echo-kamerun\/projekte\/echo-kamerun-bessere-zukunft-lendemain-meilleu\/bessere-zukunft-lendemain-meilleur-geschuetzter-bereich\/einschulung-2019-bessere-zukunft-lendemain-meilleur\/\" \/>\n<meta property=\"og:locale\" content=\"de_DE\" \/>\n<meta property=\"og:type\" content=\"article\" \/>\n<meta property=\"og:title\" content=\"Einschulung 2019 - Bessere Zukunft \u2013 Lendemain meilleur | Echo Kamerun e.V.\" \/>\n<meta property=\"og:description\" content=\"Gesch\u00fctzter Bereich Bessere Zukunft \u2013 Lendemain meilleur Echo Kamerun und Echo-Belzig-Kribi schicken 20 mittellose Kinder in Kribi in die Schule Die Kinder des Jahrgangs 2019 In Kribi wurden zwei weitere Kinder ausgesucht, um eingeschult zu werden. So wuchs die Gesamtzahl der gef\u00f6rderten Kinder auf die endg\u00fcltige Zahl von 20 an. Jedes Kind brauchte f\u00fcr das [&hellip;]\" \/>\n<meta property=\"og:url\" content=\"https:\/\/wiso-data.de\/echo-kamerun\/projekte\/echo-kamerun-bessere-zukunft-lendemain-meilleu\/bessere-zukunft-lendemain-meilleur-geschuetzter-bereich\/einschulung-2019-bessere-zukunft-lendemain-meilleur\/\" \/>\n<meta property=\"og:site_name\" content=\"Echo Kamerun e.V.\" \/>\n<meta property=\"article:modified_time\" content=\"2021-04-25T09:15:50+00:00\" \/>\n<meta name=\"twitter:card\" content=\"summary_large_image\" \/>\n<meta name=\"twitter:label1\" content=\"Gesch\u00e4tzte Lesezeit\" \/>\n\t<meta name=\"twitter:data1\" content=\"4\u00a0Minuten\" \/>\n<script type=\"application\/ld+json\" class=\"yoast-schema-graph\">{\"@context\":\"https:\/\/schema.org\",\"@graph\":[{\"@type\":\"WebPage\",\"@id\":\"https:\/\/wiso-data.de\/echo-kamerun\/projekte\/echo-kamerun-bessere-zukunft-lendemain-meilleu\/bessere-zukunft-lendemain-meilleur-geschuetzter-bereich\/einschulung-2019-bessere-zukunft-lendemain-meilleur\/\",\"url\":\"https:\/\/wiso-data.de\/echo-kamerun\/projekte\/echo-kamerun-bessere-zukunft-lendemain-meilleu\/bessere-zukunft-lendemain-meilleur-geschuetzter-bereich\/einschulung-2019-bessere-zukunft-lendemain-meilleur\/\",\"name\":\"Einschulung 2019 - Bessere Zukunft \u2013 Lendemain meilleur | Echo Kamerun e.V.\",\"isPartOf\":{\"@id\":\"https:\/\/wiso-data.de\/echo-kamerun\/#website\"},\"datePublished\":\"2019-05-14T19:52:05+00:00\",\"dateModified\":\"2021-04-25T09:15:50+00:00\",\"breadcrumb\":{\"@id\":\"https:\/\/wiso-data.de\/echo-kamerun\/projekte\/echo-kamerun-bessere-zukunft-lendemain-meilleu\/bessere-zukunft-lendemain-meilleur-geschuetzter-bereich\/einschulung-2019-bessere-zukunft-lendemain-meilleur\/#breadcrumb\"},\"inLanguage\":\"de\",\"potentialAction\":[{\"@type\":\"ReadAction\",\"target\":[\"https:\/\/wiso-data.de\/echo-kamerun\/projekte\/echo-kamerun-bessere-zukunft-lendemain-meilleu\/bessere-zukunft-lendemain-meilleur-geschuetzter-bereich\/einschulung-2019-bessere-zukunft-lendemain-meilleur\/\"]}]},{\"@type\":\"BreadcrumbList\",\"@id\":\"https:\/\/wiso-data.de\/echo-kamerun\/projekte\/echo-kamerun-bessere-zukunft-lendemain-meilleu\/bessere-zukunft-lendemain-meilleur-geschuetzter-bereich\/einschulung-2019-bessere-zukunft-lendemain-meilleur\/#breadcrumb\",\"itemListElement\":[{\"@type\":\"ListItem\",\"position\":1,\"name\":\"Startseite\",\"item\":\"https:\/\/wiso-data.de\/echo-kamerun\/\"},{\"@type\":\"ListItem\",\"position\":2,\"name\":\"Projekte\",\"item\":\"https:\/\/wiso-data.de\/echo-kamerun\/projekte\/\"},{\"@type\":\"ListItem\",\"position\":3,\"name\":\"Bessere Zukunft \u2013 Lendemain meilleur\",\"item\":\"https:\/\/wiso-data.de\/echo-kamerun\/projekte\/echo-kamerun-bessere-zukunft-lendemain-meilleu\/\"},{\"@type\":\"ListItem\",\"position\":4,\"name\":\"Bessere Zukunft \u2013 Lendemain meilleur\",\"item\":\"https:\/\/wiso-data.de\/echo-kamerun\/projekte\/echo-kamerun-bessere-zukunft-lendemain-meilleu\/bessere-zukunft-lendemain-meilleur-geschuetzter-bereich\/\"},{\"@type\":\"ListItem\",\"position\":5,\"name\":\"Einschulung 2019 &#8211; Bessere Zukunft \u2013 Lendemain meilleur\"}]},{\"@type\":\"WebSite\",\"@id\":\"https:\/\/wiso-data.de\/echo-kamerun\/#website\",\"url\":\"https:\/\/wiso-data.de\/echo-kamerun\/\",\"name\":\"Echo Kamerun e.V.\",\"description\":\"Der Verein Echo-Kamerun aus Bad Belzig stellt sich vor\",\"potentialAction\":[{\"@type\":\"SearchAction\",\"target\":{\"@type\":\"EntryPoint\",\"urlTemplate\":\"https:\/\/wiso-data.de\/echo-kamerun\/?s={search_term_string}\"},\"query-input\":{\"@type\":\"PropertyValueSpecification\",\"valueRequired\":true,\"valueName\":\"search_term_string\"}}],\"inLanguage\":\"de\"}]}<\/script>\n<!-- \/ Yoast SEO plugin. -->","yoast_head_json":{"title":"Einschulung 2019 - Bessere Zukunft \u2013 Lendemain meilleur | Echo Kamerun e.V.","robots":{"index":"index","follow":"follow","max-snippet":"max-snippet:-1","max-image-preview":"max-image-preview:large","max-video-preview":"max-video-preview:-1"},"canonical":"https:\/\/wiso-data.de\/echo-kamerun\/projekte\/echo-kamerun-bessere-zukunft-lendemain-meilleu\/bessere-zukunft-lendemain-meilleur-geschuetzter-bereich\/einschulung-2019-bessere-zukunft-lendemain-meilleur\/","og_locale":"de_DE","og_type":"article","og_title":"Einschulung 2019 - Bessere Zukunft \u2013 Lendemain meilleur | Echo Kamerun e.V.","og_description":"Gesch\u00fctzter Bereich Bessere Zukunft \u2013 Lendemain meilleur Echo Kamerun und Echo-Belzig-Kribi schicken 20 mittellose Kinder in Kribi in die Schule Die Kinder des Jahrgangs 2019 In Kribi wurden zwei weitere Kinder ausgesucht, um eingeschult zu werden. So wuchs die Gesamtzahl der gef\u00f6rderten Kinder auf die endg\u00fcltige Zahl von 20 an. Jedes Kind brauchte f\u00fcr das [&hellip;]","og_url":"https:\/\/wiso-data.de\/echo-kamerun\/projekte\/echo-kamerun-bessere-zukunft-lendemain-meilleu\/bessere-zukunft-lendemain-meilleur-geschuetzter-bereich\/einschulung-2019-bessere-zukunft-lendemain-meilleur\/","og_site_name":"Echo Kamerun e.V.","article_modified_time":"2021-04-25T09:15:50+00:00","twitter_card":"summary_large_image","twitter_misc":{"Gesch\u00e4tzte Lesezeit":"4\u00a0Minuten"},"schema":{"@context":"https:\/\/schema.org","@graph":[{"@type":"WebPage","@id":"https:\/\/wiso-data.de\/echo-kamerun\/projekte\/echo-kamerun-bessere-zukunft-lendemain-meilleu\/bessere-zukunft-lendemain-meilleur-geschuetzter-bereich\/einschulung-2019-bessere-zukunft-lendemain-meilleur\/","url":"https:\/\/wiso-data.de\/echo-kamerun\/projekte\/echo-kamerun-bessere-zukunft-lendemain-meilleu\/bessere-zukunft-lendemain-meilleur-geschuetzter-bereich\/einschulung-2019-bessere-zukunft-lendemain-meilleur\/","name":"Einschulung 2019 - Bessere Zukunft \u2013 Lendemain meilleur | Echo Kamerun e.V.","isPartOf":{"@id":"https:\/\/wiso-data.de\/echo-kamerun\/#website"},"datePublished":"2019-05-14T19:52:05+00:00","dateModified":"2021-04-25T09:15:50+00:00","breadcrumb":{"@id":"https:\/\/wiso-data.de\/echo-kamerun\/projekte\/echo-kamerun-bessere-zukunft-lendemain-meilleu\/bessere-zukunft-lendemain-meilleur-geschuetzter-bereich\/einschulung-2019-bessere-zukunft-lendemain-meilleur\/#breadcrumb"},"inLanguage":"de","potentialAction":[{"@type":"ReadAction","target":["https:\/\/wiso-data.de\/echo-kamerun\/projekte\/echo-kamerun-bessere-zukunft-lendemain-meilleu\/bessere-zukunft-lendemain-meilleur-geschuetzter-bereich\/einschulung-2019-bessere-zukunft-lendemain-meilleur\/"]}]},{"@type":"BreadcrumbList","@id":"https:\/\/wiso-data.de\/echo-kamerun\/projekte\/echo-kamerun-bessere-zukunft-lendemain-meilleu\/bessere-zukunft-lendemain-meilleur-geschuetzter-bereich\/einschulung-2019-bessere-zukunft-lendemain-meilleur\/#breadcrumb","itemListElement":[{"@type":"ListItem","position":1,"name":"Startseite","item":"https:\/\/wiso-data.de\/echo-kamerun\/"},{"@type":"ListItem","position":2,"name":"Projekte","item":"https:\/\/wiso-data.de\/echo-kamerun\/projekte\/"},{"@type":"ListItem","position":3,"name":"Bessere Zukunft \u2013 Lendemain meilleur","item":"https:\/\/wiso-data.de\/echo-kamerun\/projekte\/echo-kamerun-bessere-zukunft-lendemain-meilleu\/"},{"@type":"ListItem","position":4,"name":"Bessere Zukunft \u2013 Lendemain meilleur","item":"https:\/\/wiso-data.de\/echo-kamerun\/projekte\/echo-kamerun-bessere-zukunft-lendemain-meilleu\/bessere-zukunft-lendemain-meilleur-geschuetzter-bereich\/"},{"@type":"ListItem","position":5,"name":"Einschulung 2019 &#8211; Bessere Zukunft \u2013 Lendemain meilleur"}]},{"@type":"WebSite","@id":"https:\/\/wiso-data.de\/echo-kamerun\/#website","url":"https:\/\/wiso-data.de\/echo-kamerun\/","name":"Echo Kamerun e.V.","description":"Der Verein Echo-Kamerun aus Bad Belzig stellt sich vor","potentialAction":[{"@type":"SearchAction","target":{"@type":"EntryPoint","urlTemplate":"https:\/\/wiso-data.de\/echo-kamerun\/?s={search_term_string}"},"query-input":{"@type":"PropertyValueSpecification","valueRequired":true,"valueName":"search_term_string"}}],"inLanguage":"de"}]}},"_links":{"self":[{"href":"https:\/\/wiso-data.de\/echo-kamerun\/wp-json\/wp\/v2\/pages\/211300","targetHints":{"allow":["GET"]}}],"collection":[{"href":"https:\/\/wiso-data.de\/echo-kamerun\/wp-json\/wp\/v2\/pages"}],"about":[{"href":"https:\/\/wiso-data.de\/echo-kamerun\/wp-json\/wp\/v2\/types\/page"}],"author":[{"embeddable":true,"href":"https:\/\/wiso-data.de\/echo-kamerun\/wp-json\/wp\/v2\/users\/1"}],"replies":[{"embeddable":true,"href":"https:\/\/wiso-data.de\/echo-kamerun\/wp-json\/wp\/v2\/comments?post=211300"}],"version-history":[{"count":11,"href":"https:\/\/wiso-data.de\/echo-kamerun\/wp-json\/wp\/v2\/pages\/211300\/revisions"}],"predecessor-version":[{"id":211548,"href":"https:\/\/wiso-data.de\/echo-kamerun\/wp-json\/wp\/v2\/pages\/211300\/revisions\/211548"}],"up":[{"embeddable":true,"href":"https:\/\/wiso-data.de\/echo-kamerun\/wp-json\/wp\/v2\/pages\/42"}],"wp:attachment":[{"href":"https:\/\/wiso-data.de\/echo-kamerun\/wp-json\/wp\/v2\/media?parent=211300"}],"curies":[{"name":"wp","href":"https:\/\/api.w.org\/{rel}","templated":true}]}}