{"id":146,"date":"2018-08-19T10:21:35","date_gmt":"2018-08-19T08:21:35","guid":{"rendered":"https:\/\/wiso-data.de\/echo-kamerun\/?page_id=146"},"modified":"2018-11-25T19:51:51","modified_gmt":"2018-11-25T18:51:51","slug":"afrika-in-der-schule","status":"publish","type":"page","link":"https:\/\/wiso-data.de\/echo-kamerun\/projekte\/projektarchiv\/afrika-in-der-schule\/","title":{"rendered":"Afrika in der Schule"},"content":{"rendered":"<p>[et_pb_section bb_built=&#8220;1&#8243; fullwidth=&#8220;on&#8220; specialty=&#8220;off&#8220; prev_background_color=&#8220;#000000&#8243;][et_pb_fullwidth_image _builder_version=&#8220;3.17.6&#8243; src=&#8220;https:\/\/wiso-data.de\/echo-kamerun\/wp-content\/uploads\/2018\/11\/Echoorange10.jpg&#8220; \/][\/et_pb_section][et_pb_section bb_built=&#8220;1&#8243; next_background_color=&#8220;#000000&#8243;][et_pb_row][et_pb_column type=&#8220;4_4&#8243;][et_pb_text _builder_version=&#8220;3.12.2&#8243;]<\/p>\n<h1>Afrika in der Schule<\/h1>\n<h2>Tag f\u00fcr Afrika am Gymnasium Treuenbrietzen<\/h2>\n<p><strong>Dienstag, 19. Juni 2012<\/strong><br \/>\nEcho-Kamerun e.V. war Mitgestalter des Tags f\u00fcr Afrika in Treuenbrietzen. Wir boten den Sch\u00fclern eine Tanzgruppe, afrikanisches Kochen und Reise- und Erfahrungsberichte.<\/p>\n<p><a href=\"https:\/\/wiso-data.de\/echo-kamerun\/wp-content\/uploads\/2018\/10\/58.jpg\"><img loading=\"lazy\" decoding=\"async\" src=\"https:\/\/wiso-data.de\/echo-kamerun\/wp-content\/uploads\/2018\/10\/58-300x225.jpg\" alt=\"\" width=\"300\" height=\"225\" class=\"alignnone size-medium wp-image-211019\" srcset=\"https:\/\/wiso-data.de\/echo-kamerun\/wp-content\/uploads\/2018\/10\/58-300x225.jpg 300w, https:\/\/wiso-data.de\/echo-kamerun\/wp-content\/uploads\/2018\/10\/58.jpg 500w\" sizes=\"(max-width: 300px) 100vw, 300px\" \/><\/a><br \/>\n&nbsp;<\/p>\n<h2>Kindsein in Afrika, Leben in Regenwald und W\u00fcste<\/h2>\n<p><strong>Afrikanische Erkundungen in Belziger Schulen &#8211; Ein interkulturelles Bildungsprojekt im Rahmen des Lokalen Aktionsplans Hoher Fl\u00e4ming<\/strong><br \/>\nIm Jahr 2009 war unser Verein Tr\u00e4ger eines interkulturellen Bildungsprojekts an vier Belziger Schulen. Mit Lernenden der F\u00f6rderschule f\u00fcr geistig Behinderte \u201eAm Gr\u00fcnen Grund\u201c, der Geschwister-Scholl-Grundschule, der Krause-Tschetschog-Oberschule und des Fl\u00e4ming-Gymnasiums gingen unsere Vereinsmitglieder, der Sozialarbeiter Jean-Marce Banoho (Kamerun) und die deutsche Journalistin Kerstin Henseke auf Erkundungsreise durch den afrikanischen Kontinent.<\/p>\n<p>Abh\u00e4ngig von Schulform und Alter standen verschiedene Themen und Aktionen im Mittelpunkt. Phantasiereisen, Geschichten, das Batiken von T-Shirts und die Herstellung von Schmuck und Spielzeug aus Alltagsgegenst\u00e4nden, gemeinsames \u201eEinkaufen\u201c und \u201eHandeln\u201c auf dem Markt, afrikanisch kochen und mehr standen auf dem Programm.<\/p>\n<p>Alle Aktivit\u00e4ten hatten zum Ziel, die Kinder und Jugendlichen f\u00fcr diese ferne und ihnen fremde Welt zu interessieren und ihnen neben einigem Wissen vor allem einen emotionalen Zugang zu Afrika zu erm\u00f6glichen, das sowohl in der Schule als auch in den Medien nur marginal vorkommt und in unseren K\u00f6pfen meist als Klischees.<\/p>\n<p>Hier ein kleiner Auszug aus unserem Projekttagebuch und Fotoalbum:<\/p>\n<p>[\/et_pb_text][et_pb_gallery _builder_version=&#8220;3.12.2&#8243; posts_number=&#8220;6&#8243; show_pagination=&#8220;off&#8220; db_images_per_row=&#8220;3&#8243; db_image_max_width_tablet=&#8220;51&#8243; db_image_max_height_tablet=&#8220;501&#8243; db_image_row_spacing_tablet=&#8220;51&#8243; db_image_object_fit=&#8220;initial&#8220; zoom_icon_color=&#8220;#800000&#8243; hover_overlay_color=&#8220;rgba(255,255,255,0.9)&#8220; db_image_center_titles=&#8220;left&#8220; gallery_ids=&#8220;211021,211022,211023,211024,211025&#8243; db_image_max_width=&#8220;0&#8243; db_image_row_spacing=&#8220;4&#8243; box_shadow_style_image=&#8220;preset2&#8243; show_title_and_caption=&#8220;off&#8220; \/][et_pb_text _builder_version=&#8220;3.12.2&#8243;]<\/p>\n<h1>Afrika in der Schule (2)<\/h1>\n<h2>Kindsein in Afrika, Leben in Regenwald und W\u00fcste<\/h2>\n<p>10. Juni 2009<br \/>\n<strong>Maniok, Yams und Kochbananen \u2013 Afrikanisch kochen in der Grundschule Wiesenburg<\/strong><\/p>\n<p>In einer d\u00fcnn besiedelten Gegend wie dem Fl\u00e4ming braucht es nicht einmal Buschtrommeln. Wir haben noch gar nicht richtig mit unserem Projekt in den Belziger Schulen begonnen, da klopfen bereits andere Schulen vorsichtig fragend an: K\u00f6nnt Ihr mit unseren Kindern afrikanisch kochen? In der Grundschule Wiesenburg, zehn Kilometer von Belzig entfernt, wird gerade mit viel Engagement das f\u00e4cher\u00fcbergreifende Projekt \u201eSchatzkiste Welt\u201c durchgef\u00fchrt. Gerade ist Afrika an der Reihe, da kommen wir doch gern.<\/p>\n<p>Eine kleine Vorhut von F\u00fcnftkl\u00e4sslern erwartet uns schon auf dem Parkplatz vor der Schule und schleppt bereitwillig unseren gro\u00dfen W\u00e4schekorb voll Kochbananen, Yamswurzeln, Maniok, Reis, Gem\u00fcse, Gefl\u00fcgel und wer wei\u00df wie vielen Gew\u00fcrzen in die Schulk\u00fcche. Dort sehen uns zehn Paar gro\u00dfe Augen tatendurstig entgegen &#8211; unser junges K\u00fcchenteam ist hochmotiviert. Gemeinsam haben wir drei Stunden Zeit, um 60 Portionen Gem\u00fcsereis mit zwei verschiedenen So\u00dfen, eine davon mit Kokosmilch, die andere mit Tomaten, Salate, frittierte Kochbananen und Beilagen aus gekochtem Yams und Maniok zu servieren. Wir d\u00fcrfen mit gutem Appetit rechnen, denn an diesem Tag absolvieren die Grundsch\u00fcler eine Art Rallye durch den Wiesenburger Schlosspark, wo sie etliche Stationen bestehen m\u00fcssen.<\/p>\n<p>Wir haben nicht viel Zeit, deshalb gehen wir nicht wie sonst auf typische Koch-, Gast- und Essrituale ein, und wir verzichten auch auf den sonst \u00fcblichen imagin\u00e4ren Einkauf auf dem afrikanischen Markt.<\/p>\n<p>Dennoch l\u00e4sst es sich Bhady nicht nehmen, zumindest unsere Zutaten detalliert vorzustellen:<\/p>\n<p>[\/et_pb_text][et_pb_gallery _builder_version=&#8220;3.12.2&#8243; posts_number=&#8220;3&#8243; show_pagination=&#8220;off&#8220; db_images_per_row=&#8220;3&#8243; db_image_max_width_tablet=&#8220;51&#8243; db_image_max_height_tablet=&#8220;501&#8243; db_image_row_spacing_tablet=&#8220;51&#8243; db_image_object_fit=&#8220;initial&#8220; zoom_icon_color=&#8220;#800000&#8243; hover_overlay_color=&#8220;rgba(255,255,255,0.9)&#8220; db_image_center_titles=&#8220;left&#8220; gallery_ids=&#8220;211028,211030,211029&#8243; db_image_max_width=&#8220;75&#8243; db_image_row_spacing=&#8220;4&#8243; box_shadow_style_image=&#8220;preset2&#8243; show_title_and_caption=&#8220;off&#8220; \/][et_pb_text _builder_version=&#8220;3.12.2&#8243;]<\/p>\n<p>\nKevin r\u00fchrt unerm\u00fcdlich den Gem\u00fcsereis, damit er nicht festkocht. Maniok (vorn) und Yams warten auf ihren Einsatz im Kochtopf, sie sind als letzte dran, damit sie nicht zerfallen, und ganz Tr\u00e4nenfeste wagen sich an die Zwiebeln, ohne die kaum ein Gericht auskommt. Die harten Kochbananen werden in Scheiben geschnitten und frittiert, das Gefl\u00fcgelfleisch in Palm\u00f6l angebraten und mit allerlei exotischen Gew\u00fcrzen versetzt, mit Kokosmilch oder Tomaten veredelt und zu ziemlich pikanten So\u00dfen verarbeitet.<br \/>\nZunehmend schleichen Lehrer und Kinder in unsere K\u00fcche, angelockt von dem exotischen Duft, der mittlerweile durch die ganze Schule str\u00f6mt. Die frittierten Kochbananen sind bei den Naschkatzen besonders beliebt und wir m\u00fcssen sie ernsthaft verteidigen. Inzwischen kann unser K\u00fcchenteam mit professioneller Gelassenheit alle \u2013Oh-was- ist- denn-das-Sch\u00f6nes-etwa-ein-Rettich?-Fragen selbstst\u00e4ndig beantworten. Nein, das ist kein Rettich, das ist Maniok, in Afrika essen sie den wie wir die Kartoffeln.<br \/>\nAls dann alles fertig ist, k\u00f6nnen wir uns vor pl\u00f6tzlich auftauchenden Helfern gar nicht retten, die Teller und T\u00f6pfe, Geschirr und Platten in den wundersch\u00f6n gestalteten Schulgarten tragen, wo alle M\u00fche das gr\u00f6\u00dfte Lob in schnell geleerten T\u00f6pfen findet:<\/p>\n<p>[\/et_pb_text][et_pb_image _builder_version=&#8220;3.12.2&#8243; src=&#8220;https:\/\/wiso-data.de\/echo-kamerun\/wp-content\/uploads\/2018\/10\/kochen7.jpg&#8220; box_shadow_style=&#8220;preset1&#8243; \/][\/et_pb_column][\/et_pb_row][\/et_pb_section]<\/p>\n","protected":false},"excerpt":{"rendered":"<p><div class=\"et_pb_row et_pb_row_0 et_pb_row_empty\">\n\t\t\t\t\n\t\t\t\t\n\t\t\t\t\n\t\t\t\t\n\t\t\t\t\n\t\t\t<\/div> Afrika in der Schule Tag f\u00fcr Afrika am Gymnasium Treuenbrietzen Dienstag, 19. Juni 2012 Echo-Kamerun e.V. war Mitgestalter des Tags f\u00fcr Afrika in Treuenbrietzen. Wir boten den Sch\u00fclern eine Tanzgruppe, afrikanisches Kochen und Reise- und Erfahrungsberichte. &nbsp; Kindsein in Afrika, Leben in Regenwald und W\u00fcste Afrikanische Erkundungen in Belziger Schulen &#8211; Ein interkulturelles Bildungsprojekt [&hellip;]<\/p>\n","protected":false},"author":1,"featured_media":0,"parent":138,"menu_order":4,"comment_status":"closed","ping_status":"closed","template":"","meta":{"_et_pb_use_builder":"on","_et_pb_old_content":"","_et_gb_content_width":"","footnotes":""},"class_list":["post-146","page","type-page","status-publish","hentry"],"yoast_head":"<!-- This site is optimized with the Yoast SEO plugin v24.3 - https:\/\/yoast.com\/wordpress\/plugins\/seo\/ -->\n<title>Afrika in der Schule | Echo Kamerun e.V.<\/title>\n<meta name=\"robots\" content=\"index, follow, max-snippet:-1, max-image-preview:large, max-video-preview:-1\" \/>\n<link rel=\"canonical\" href=\"https:\/\/wiso-data.de\/echo-kamerun\/projekte\/projektarchiv\/afrika-in-der-schule\/\" \/>\n<meta property=\"og:locale\" content=\"de_DE\" \/>\n<meta property=\"og:type\" content=\"article\" \/>\n<meta property=\"og:title\" content=\"Afrika in der Schule | Echo Kamerun e.V.\" \/>\n<meta property=\"og:description\" content=\"Afrika in der Schule Tag f\u00fcr Afrika am Gymnasium Treuenbrietzen Dienstag, 19. Juni 2012 Echo-Kamerun e.V. war Mitgestalter des Tags f\u00fcr Afrika in Treuenbrietzen. Wir boten den Sch\u00fclern eine Tanzgruppe, afrikanisches Kochen und Reise- und Erfahrungsberichte. &nbsp; Kindsein in Afrika, Leben in Regenwald und W\u00fcste Afrikanische Erkundungen in Belziger Schulen - Ein interkulturelles Bildungsprojekt [&hellip;]\" \/>\n<meta property=\"og:url\" content=\"https:\/\/wiso-data.de\/echo-kamerun\/projekte\/projektarchiv\/afrika-in-der-schule\/\" \/>\n<meta property=\"og:site_name\" content=\"Echo Kamerun e.V.\" \/>\n<meta property=\"article:modified_time\" content=\"2018-11-25T18:51:51+00:00\" \/>\n<meta property=\"og:image\" content=\"https:\/\/wiso-data.de\/echo-kamerun\/wp-content\/uploads\/2018\/10\/58-300x225.jpg\" \/>\n<meta name=\"twitter:card\" content=\"summary_large_image\" \/>\n<meta name=\"twitter:label1\" content=\"Gesch\u00e4tzte Lesezeit\" \/>\n\t<meta name=\"twitter:data1\" content=\"5\u00a0Minuten\" \/>\n<script type=\"application\/ld+json\" class=\"yoast-schema-graph\">{\"@context\":\"https:\/\/schema.org\",\"@graph\":[{\"@type\":\"WebPage\",\"@id\":\"https:\/\/wiso-data.de\/echo-kamerun\/projekte\/projektarchiv\/afrika-in-der-schule\/\",\"url\":\"https:\/\/wiso-data.de\/echo-kamerun\/projekte\/projektarchiv\/afrika-in-der-schule\/\",\"name\":\"Afrika in der Schule | Echo Kamerun e.V.\",\"isPartOf\":{\"@id\":\"https:\/\/wiso-data.de\/echo-kamerun\/#website\"},\"primaryImageOfPage\":{\"@id\":\"https:\/\/wiso-data.de\/echo-kamerun\/projekte\/projektarchiv\/afrika-in-der-schule\/#primaryimage\"},\"image\":{\"@id\":\"https:\/\/wiso-data.de\/echo-kamerun\/projekte\/projektarchiv\/afrika-in-der-schule\/#primaryimage\"},\"thumbnailUrl\":\"https:\/\/wiso-data.de\/echo-kamerun\/wp-content\/uploads\/2018\/10\/58-300x225.jpg\",\"datePublished\":\"2018-08-19T08:21:35+00:00\",\"dateModified\":\"2018-11-25T18:51:51+00:00\",\"breadcrumb\":{\"@id\":\"https:\/\/wiso-data.de\/echo-kamerun\/projekte\/projektarchiv\/afrika-in-der-schule\/#breadcrumb\"},\"inLanguage\":\"de\",\"potentialAction\":[{\"@type\":\"ReadAction\",\"target\":[\"https:\/\/wiso-data.de\/echo-kamerun\/projekte\/projektarchiv\/afrika-in-der-schule\/\"]}]},{\"@type\":\"ImageObject\",\"inLanguage\":\"de\",\"@id\":\"https:\/\/wiso-data.de\/echo-kamerun\/projekte\/projektarchiv\/afrika-in-der-schule\/#primaryimage\",\"url\":\"https:\/\/wiso-data.de\/echo-kamerun\/wp-content\/uploads\/2018\/10\/58.jpg\",\"contentUrl\":\"https:\/\/wiso-data.de\/echo-kamerun\/wp-content\/uploads\/2018\/10\/58.jpg\",\"width\":500,\"height\":375},{\"@type\":\"BreadcrumbList\",\"@id\":\"https:\/\/wiso-data.de\/echo-kamerun\/projekte\/projektarchiv\/afrika-in-der-schule\/#breadcrumb\",\"itemListElement\":[{\"@type\":\"ListItem\",\"position\":1,\"name\":\"Startseite\",\"item\":\"https:\/\/wiso-data.de\/echo-kamerun\/\"},{\"@type\":\"ListItem\",\"position\":2,\"name\":\"Projekte\",\"item\":\"https:\/\/wiso-data.de\/echo-kamerun\/projekte\/\"},{\"@type\":\"ListItem\",\"position\":3,\"name\":\"Projektarchiv\",\"item\":\"https:\/\/wiso-data.de\/echo-kamerun\/projekte\/projektarchiv\/\"},{\"@type\":\"ListItem\",\"position\":4,\"name\":\"Afrika in der Schule\"}]},{\"@type\":\"WebSite\",\"@id\":\"https:\/\/wiso-data.de\/echo-kamerun\/#website\",\"url\":\"https:\/\/wiso-data.de\/echo-kamerun\/\",\"name\":\"Echo Kamerun e.V.\",\"description\":\"Der Verein Echo-Kamerun aus Bad Belzig stellt sich vor\",\"potentialAction\":[{\"@type\":\"SearchAction\",\"target\":{\"@type\":\"EntryPoint\",\"urlTemplate\":\"https:\/\/wiso-data.de\/echo-kamerun\/?s={search_term_string}\"},\"query-input\":{\"@type\":\"PropertyValueSpecification\",\"valueRequired\":true,\"valueName\":\"search_term_string\"}}],\"inLanguage\":\"de\"}]}<\/script>\n<!-- \/ Yoast SEO plugin. -->","yoast_head_json":{"title":"Afrika in der Schule | Echo Kamerun e.V.","robots":{"index":"index","follow":"follow","max-snippet":"max-snippet:-1","max-image-preview":"max-image-preview:large","max-video-preview":"max-video-preview:-1"},"canonical":"https:\/\/wiso-data.de\/echo-kamerun\/projekte\/projektarchiv\/afrika-in-der-schule\/","og_locale":"de_DE","og_type":"article","og_title":"Afrika in der Schule | Echo Kamerun e.V.","og_description":"Afrika in der Schule Tag f\u00fcr Afrika am Gymnasium Treuenbrietzen Dienstag, 19. Juni 2012 Echo-Kamerun e.V. war Mitgestalter des Tags f\u00fcr Afrika in Treuenbrietzen. Wir boten den Sch\u00fclern eine Tanzgruppe, afrikanisches Kochen und Reise- und Erfahrungsberichte. &nbsp; Kindsein in Afrika, Leben in Regenwald und W\u00fcste Afrikanische Erkundungen in Belziger Schulen - Ein interkulturelles Bildungsprojekt [&hellip;]","og_url":"https:\/\/wiso-data.de\/echo-kamerun\/projekte\/projektarchiv\/afrika-in-der-schule\/","og_site_name":"Echo Kamerun e.V.","article_modified_time":"2018-11-25T18:51:51+00:00","og_image":[{"url":"https:\/\/wiso-data.de\/echo-kamerun\/wp-content\/uploads\/2018\/10\/58-300x225.jpg","type":"","width":"","height":""}],"twitter_card":"summary_large_image","twitter_misc":{"Gesch\u00e4tzte Lesezeit":"5\u00a0Minuten"},"schema":{"@context":"https:\/\/schema.org","@graph":[{"@type":"WebPage","@id":"https:\/\/wiso-data.de\/echo-kamerun\/projekte\/projektarchiv\/afrika-in-der-schule\/","url":"https:\/\/wiso-data.de\/echo-kamerun\/projekte\/projektarchiv\/afrika-in-der-schule\/","name":"Afrika in der Schule | Echo Kamerun e.V.","isPartOf":{"@id":"https:\/\/wiso-data.de\/echo-kamerun\/#website"},"primaryImageOfPage":{"@id":"https:\/\/wiso-data.de\/echo-kamerun\/projekte\/projektarchiv\/afrika-in-der-schule\/#primaryimage"},"image":{"@id":"https:\/\/wiso-data.de\/echo-kamerun\/projekte\/projektarchiv\/afrika-in-der-schule\/#primaryimage"},"thumbnailUrl":"https:\/\/wiso-data.de\/echo-kamerun\/wp-content\/uploads\/2018\/10\/58-300x225.jpg","datePublished":"2018-08-19T08:21:35+00:00","dateModified":"2018-11-25T18:51:51+00:00","breadcrumb":{"@id":"https:\/\/wiso-data.de\/echo-kamerun\/projekte\/projektarchiv\/afrika-in-der-schule\/#breadcrumb"},"inLanguage":"de","potentialAction":[{"@type":"ReadAction","target":["https:\/\/wiso-data.de\/echo-kamerun\/projekte\/projektarchiv\/afrika-in-der-schule\/"]}]},{"@type":"ImageObject","inLanguage":"de","@id":"https:\/\/wiso-data.de\/echo-kamerun\/projekte\/projektarchiv\/afrika-in-der-schule\/#primaryimage","url":"https:\/\/wiso-data.de\/echo-kamerun\/wp-content\/uploads\/2018\/10\/58.jpg","contentUrl":"https:\/\/wiso-data.de\/echo-kamerun\/wp-content\/uploads\/2018\/10\/58.jpg","width":500,"height":375},{"@type":"BreadcrumbList","@id":"https:\/\/wiso-data.de\/echo-kamerun\/projekte\/projektarchiv\/afrika-in-der-schule\/#breadcrumb","itemListElement":[{"@type":"ListItem","position":1,"name":"Startseite","item":"https:\/\/wiso-data.de\/echo-kamerun\/"},{"@type":"ListItem","position":2,"name":"Projekte","item":"https:\/\/wiso-data.de\/echo-kamerun\/projekte\/"},{"@type":"ListItem","position":3,"name":"Projektarchiv","item":"https:\/\/wiso-data.de\/echo-kamerun\/projekte\/projektarchiv\/"},{"@type":"ListItem","position":4,"name":"Afrika in der Schule"}]},{"@type":"WebSite","@id":"https:\/\/wiso-data.de\/echo-kamerun\/#website","url":"https:\/\/wiso-data.de\/echo-kamerun\/","name":"Echo Kamerun e.V.","description":"Der Verein Echo-Kamerun aus Bad Belzig stellt sich vor","potentialAction":[{"@type":"SearchAction","target":{"@type":"EntryPoint","urlTemplate":"https:\/\/wiso-data.de\/echo-kamerun\/?s={search_term_string}"},"query-input":{"@type":"PropertyValueSpecification","valueRequired":true,"valueName":"search_term_string"}}],"inLanguage":"de"}]}},"_links":{"self":[{"href":"https:\/\/wiso-data.de\/echo-kamerun\/wp-json\/wp\/v2\/pages\/146","targetHints":{"allow":["GET"]}}],"collection":[{"href":"https:\/\/wiso-data.de\/echo-kamerun\/wp-json\/wp\/v2\/pages"}],"about":[{"href":"https:\/\/wiso-data.de\/echo-kamerun\/wp-json\/wp\/v2\/types\/page"}],"author":[{"embeddable":true,"href":"https:\/\/wiso-data.de\/echo-kamerun\/wp-json\/wp\/v2\/users\/1"}],"replies":[{"embeddable":true,"href":"https:\/\/wiso-data.de\/echo-kamerun\/wp-json\/wp\/v2\/comments?post=146"}],"version-history":[{"count":10,"href":"https:\/\/wiso-data.de\/echo-kamerun\/wp-json\/wp\/v2\/pages\/146\/revisions"}],"predecessor-version":[{"id":211201,"href":"https:\/\/wiso-data.de\/echo-kamerun\/wp-json\/wp\/v2\/pages\/146\/revisions\/211201"}],"up":[{"embeddable":true,"href":"https:\/\/wiso-data.de\/echo-kamerun\/wp-json\/wp\/v2\/pages\/138"}],"wp:attachment":[{"href":"https:\/\/wiso-data.de\/echo-kamerun\/wp-json\/wp\/v2\/media?parent=146"}],"curies":[{"name":"wp","href":"https:\/\/api.w.org\/{rel}","templated":true}]}}