{"id":122,"date":"2018-08-19T10:08:57","date_gmt":"2018-08-19T08:08:57","guid":{"rendered":"https:\/\/wiso-data.de\/echo-kamerun\/?page_id=122"},"modified":"2024-04-12T17:50:05","modified_gmt":"2024-04-12T15:50:05","slug":"echo-kamerun-e-v","status":"publish","type":"page","link":"https:\/\/wiso-data.de\/echo-kamerun\/wir-ueber-uns\/echo-kamerun-e-v\/","title":{"rendered":"Echo Kamerun e.V."},"content":{"rendered":"<p>[et_pb_section fb_built=&#8220;1&#8243; fullwidth=&#8220;on&#8220; _builder_version=&#8220;4.16&#8243; global_colors_info=&#8220;{}&#8220;][et_pb_fullwidth_image src=&#8220;https:\/\/wiso-data.de\/echo-kamerun\/wp-content\/uploads\/2018\/11\/Echoorange10.jpg&#8220; _builder_version=&#8220;4.16&#8243; global_colors_info=&#8220;{}&#8220;][\/et_pb_fullwidth_image][\/et_pb_section][et_pb_section fb_built=&#8220;1&#8243; _builder_version=&#8220;4.16&#8243; global_colors_info=&#8220;{}&#8220;][et_pb_row _builder_version=&#8220;4.24.0&#8243; background_size=&#8220;initial&#8220; background_position=&#8220;top_left&#8220; background_repeat=&#8220;repeat&#8220; hover_enabled=&#8220;0&#8243; global_colors_info=&#8220;{}&#8220; sticky_enabled=&#8220;0&#8243;][et_pb_column type=&#8220;4_4&#8243; _builder_version=&#8220;4.16&#8243; custom_padding=&#8220;|||&#8220; global_colors_info=&#8220;{}&#8220; custom_padding__hover=&#8220;|||&#8220;][et_pb_text _builder_version=&#8220;4.24.0&#8243; global_colors_info=&#8220;{}&#8220;]<\/p>\n<h1>Echo Kamerun e.V.<\/h1>\n<p><strong>Echo Kamerun e.V. <\/strong>wurde 2007 in Bad Belzig (Brandenburg) gegr\u00fcndet und hat sich einer Entwicklungszusammenarbeit auf Augenh\u00f6he verschrieben, im Glauben, dass beide Seiten zu geben und zu empfangen haben.<\/p>\n<p>Die Partnerschaft basiert auf pers\u00f6nlichen Kontakten zwischen Menschen aus Bad Belzig und Kribi, einer Stadt in Kamerun an der Atlantikk\u00fcste.<\/p>\n<p>Nach einer langj\u00e4hrigen Zusammenarbeit mit dem Verein <strong>Echo Belzig Kribi <\/strong>in Kamerun ist seit 2023 unser zentraler Partner der Verein\u00a0 <strong>Lendemain Meilleur.<\/strong><\/p>\n<p>Seit 2007 sind Vereinsmitglieder aus Bad Belzig regelm\u00e4\u00dfig in Kribi vor Ort.<\/p>\n<p><span>Informationen \u00fcber unsere bisher abgeschlossenen Projekte lesen Sie auf der Seite\u00a0 <img loading=\"lazy\" decoding=\"async\" src=\"https:\/\/wiso-data.de\/echo-kamerun\/wp-content\/uploads\/2021\/12\/Pfeilweiterrot18.png\" width=\"18\" height=\"18\" alt=\"\" class=\"wp-image-211855 alignnone size-full\" \/><a href=\"https:\/\/wiso-data.de\/echo-kamerun\/projekte\/projektarchiv\/\"><strong>Projektarchiv.<\/strong><\/a><\/span><\/p>\n<h2>Geschichte<\/h2>\n<p>Echo verbindet die brandenburgische Stadt Bad Belzig (Landkreis Potsdam Mittelmark) mit der K\u00fcstenstadt Kribi in Kamerun.<\/p>\n<p>Unser Ziel ist eine Partnerschaft auf Augenh\u00f6he. Afrikaner und Europ\u00e4er sollen sich auf einer pers\u00f6nlichen Ebene begegnen k\u00f6nnen, sowohl administrativ als auch privat. Sie sollen einander kennenlernen, gleichberechtigte Handelsbeziehungen aufbauen und Fragen der Stadtentwicklung beraten. Freundschaften entwickeln sich und tragen dazu bei, ihre Kontinente einander n\u00e4her zu r\u00fccken.<\/p>\n<p>Wir wollen Klischees relativieren, falsche Bilder durch authentische ersetzen. Kameruner stellen die gr\u00f6\u00dfte Gruppe ausl\u00e4ndischer Studenten an deutschen Universit\u00e4ten, aber auch auffallend viele Fl\u00fcchtlinge. Gute Schulbildung einerseits, Armut und Perspektivlosigkeit andererseits treiben die Menschen unter oft falschen Vorstellungen nach Europa &#8211; in ein vermeintliches Dorado, das keines ist. Gezielte Aufkl\u00e4rungsarbeit vor allem unter Jugendlichen, gekoppelt mit M\u00f6glichkeiten der Berufsbildung und Existenzsicherung sind Teilprojekte von Echo. Echo erm\u00f6glicht Fl\u00fcchtlingen ggf. eine w\u00fcrdevolle R\u00fcckkehr nach Kamerun.<\/p>\n<p>Eine Partnerschaft auf Augenh\u00f6he schlie\u00dft das Bem\u00fchen um eine Angleichung der Lebensbedingungen ein. Echo-Kamerun ist kein herk\u00f6mmliches Entwicklungshilfeprojekt. Seine Mitglieder sind ehrenamtliche, interessierte B\u00fcrger und B\u00fcrgerinnen, die gemeinsam mit den kamerunischen Partnern \u00fcberlegen, wie sich Einkommenserwerb und Ausbildung stabilisieren, welche Perspektiven sich aus eigener Kraft entwickeln lassen.<\/p>\n<p>Initiator von Echo Kamerun ist der Kameruner Jean-Marce Banoho, der als Student nach Deutschland kam, Asyl beantragte und als Sozialarbeiter f\u00fcr Fl\u00fcchtlinge in Potsdam-Mittelmark wirkte. Er wollte eine Br\u00fccke zwischen seinen beiden Heimaten schlagen. Als akzeptierter Partner f\u00fcr beide Seiten fand er schnell Mitstreiter: im Freundeskreis, in der Staatskanzlei in Brandenburg, andererseits in der alten Heimat.<\/p>\n<p>Potsdam-Mittelmarks ehemaliger Landrat Lothar Koch best\u00e4rkte Banoho, seine Kompetenzen in einem l\u00e4nder\u00fcbergreifenden Projekt zu nutzen. Er ermutigte Banoho, seine Wurzeln nicht aufzugeben und setzte sich in der Kommune f\u00fcr das Projekt ein. Im Herbst 2006 wurde Echo Kamerun unter dem Dach des Belziger Forum e.V. als Projektgruppe geboren. Eine gro\u00dfz\u00fcgige Spende der Mittelbrandenburgischen Sparkasse erm\u00f6glichte es vier Projektteilnehmern, auf Kontaktsuche nach Kamerun zu reisen.<\/p>\n<p>In der K\u00fcstenstadt Kribi trafen sie auf einen ungew\u00f6hnlichen B\u00fcrgermeister. Gr\u00e9goire Mba Mba empfing die Delegation nicht nur mit offenen Armen, sondern mit klaren Vorstellungen von gleichberechtigter Zusammenarbeit. Seine Politik der B\u00fcrgerbeteiligung und Transparenz, der gezielten F\u00f6rderung von Eigeninitiative im Kampf gegen die Armut beeindruckte die Deutschen.<\/p>\n<p>[\/et_pb_text][\/et_pb_column][\/et_pb_row][\/et_pb_section]<\/p>\n","protected":false},"excerpt":{"rendered":"<p>Echo Kamerun e.V. Echo Kamerun e.V. wurde 2007 in Bad Belzig (Brandenburg) gegr\u00fcndet und hat sich einer Entwicklungszusammenarbeit auf Augenh\u00f6he verschrieben, im Glauben, dass beide Seiten zu geben und zu empfangen haben. Die Partnerschaft basiert auf pers\u00f6nlichen Kontakten zwischen Menschen aus Bad Belzig und Kribi, einer Stadt in Kamerun an der Atlantikk\u00fcste. Nach einer langj\u00e4hrigen [&hellip;]<\/p>\n","protected":false},"author":1,"featured_media":0,"parent":8,"menu_order":1,"comment_status":"closed","ping_status":"closed","template":"","meta":{"_et_pb_use_builder":"on","_et_pb_old_content":"","_et_gb_content_width":"","footnotes":""},"class_list":["post-122","page","type-page","status-publish","hentry"],"yoast_head":"<!-- This site is optimized with the Yoast SEO plugin v24.3 - https:\/\/yoast.com\/wordpress\/plugins\/seo\/ -->\n<title>Echo Kamerun e.V. | Echo Kamerun e.V.<\/title>\n<meta name=\"robots\" content=\"index, follow, max-snippet:-1, max-image-preview:large, max-video-preview:-1\" \/>\n<link rel=\"canonical\" href=\"https:\/\/wiso-data.de\/echo-kamerun\/wir-ueber-uns\/echo-kamerun-e-v\/\" \/>\n<meta property=\"og:locale\" content=\"de_DE\" \/>\n<meta property=\"og:type\" content=\"article\" \/>\n<meta property=\"og:title\" content=\"Echo Kamerun e.V. | Echo Kamerun e.V.\" \/>\n<meta property=\"og:description\" content=\"Echo Kamerun e.V. Echo Kamerun e.V. wurde 2007 in Bad Belzig (Brandenburg) gegr\u00fcndet und hat sich einer Entwicklungszusammenarbeit auf Augenh\u00f6he verschrieben, im Glauben, dass beide Seiten zu geben und zu empfangen haben. Die Partnerschaft basiert auf pers\u00f6nlichen Kontakten zwischen Menschen aus Bad Belzig und Kribi, einer Stadt in Kamerun an der Atlantikk\u00fcste. Nach einer langj\u00e4hrigen [&hellip;]\" \/>\n<meta property=\"og:url\" content=\"https:\/\/wiso-data.de\/echo-kamerun\/wir-ueber-uns\/echo-kamerun-e-v\/\" \/>\n<meta property=\"og:site_name\" content=\"Echo Kamerun e.V.\" \/>\n<meta property=\"article:modified_time\" content=\"2024-04-12T15:50:05+00:00\" \/>\n<meta property=\"og:image\" content=\"https:\/\/wiso-data.de\/echo-kamerun\/wp-content\/uploads\/2021\/12\/Pfeilweiterrot18.png\" \/>\n<meta name=\"twitter:card\" content=\"summary_large_image\" \/>\n<meta name=\"twitter:label1\" content=\"Gesch\u00e4tzte Lesezeit\" \/>\n\t<meta name=\"twitter:data1\" content=\"3\u00a0Minuten\" \/>\n<script type=\"application\/ld+json\" class=\"yoast-schema-graph\">{\"@context\":\"https:\/\/schema.org\",\"@graph\":[{\"@type\":\"WebPage\",\"@id\":\"https:\/\/wiso-data.de\/echo-kamerun\/wir-ueber-uns\/echo-kamerun-e-v\/\",\"url\":\"https:\/\/wiso-data.de\/echo-kamerun\/wir-ueber-uns\/echo-kamerun-e-v\/\",\"name\":\"Echo Kamerun e.V. | Echo Kamerun e.V.\",\"isPartOf\":{\"@id\":\"https:\/\/wiso-data.de\/echo-kamerun\/#website\"},\"primaryImageOfPage\":{\"@id\":\"https:\/\/wiso-data.de\/echo-kamerun\/wir-ueber-uns\/echo-kamerun-e-v\/#primaryimage\"},\"image\":{\"@id\":\"https:\/\/wiso-data.de\/echo-kamerun\/wir-ueber-uns\/echo-kamerun-e-v\/#primaryimage\"},\"thumbnailUrl\":\"https:\/\/wiso-data.de\/echo-kamerun\/wp-content\/uploads\/2021\/12\/Pfeilweiterrot18.png\",\"datePublished\":\"2018-08-19T08:08:57+00:00\",\"dateModified\":\"2024-04-12T15:50:05+00:00\",\"breadcrumb\":{\"@id\":\"https:\/\/wiso-data.de\/echo-kamerun\/wir-ueber-uns\/echo-kamerun-e-v\/#breadcrumb\"},\"inLanguage\":\"de\",\"potentialAction\":[{\"@type\":\"ReadAction\",\"target\":[\"https:\/\/wiso-data.de\/echo-kamerun\/wir-ueber-uns\/echo-kamerun-e-v\/\"]}]},{\"@type\":\"ImageObject\",\"inLanguage\":\"de\",\"@id\":\"https:\/\/wiso-data.de\/echo-kamerun\/wir-ueber-uns\/echo-kamerun-e-v\/#primaryimage\",\"url\":\"https:\/\/wiso-data.de\/echo-kamerun\/wp-content\/uploads\/2021\/12\/Pfeilweiterrot18.png\",\"contentUrl\":\"https:\/\/wiso-data.de\/echo-kamerun\/wp-content\/uploads\/2021\/12\/Pfeilweiterrot18.png\",\"width\":18,\"height\":18},{\"@type\":\"BreadcrumbList\",\"@id\":\"https:\/\/wiso-data.de\/echo-kamerun\/wir-ueber-uns\/echo-kamerun-e-v\/#breadcrumb\",\"itemListElement\":[{\"@type\":\"ListItem\",\"position\":1,\"name\":\"Startseite\",\"item\":\"https:\/\/wiso-data.de\/echo-kamerun\/\"},{\"@type\":\"ListItem\",\"position\":2,\"name\":\"Wir \u00fcber uns\",\"item\":\"https:\/\/wiso-data.de\/echo-kamerun\/wir-ueber-uns\/\"},{\"@type\":\"ListItem\",\"position\":3,\"name\":\"Echo Kamerun e.V.\"}]},{\"@type\":\"WebSite\",\"@id\":\"https:\/\/wiso-data.de\/echo-kamerun\/#website\",\"url\":\"https:\/\/wiso-data.de\/echo-kamerun\/\",\"name\":\"Echo Kamerun e.V.\",\"description\":\"Der Verein Echo-Kamerun aus Bad Belzig stellt sich vor\",\"potentialAction\":[{\"@type\":\"SearchAction\",\"target\":{\"@type\":\"EntryPoint\",\"urlTemplate\":\"https:\/\/wiso-data.de\/echo-kamerun\/?s={search_term_string}\"},\"query-input\":{\"@type\":\"PropertyValueSpecification\",\"valueRequired\":true,\"valueName\":\"search_term_string\"}}],\"inLanguage\":\"de\"}]}<\/script>\n<!-- \/ Yoast SEO plugin. -->","yoast_head_json":{"title":"Echo Kamerun e.V. | Echo Kamerun e.V.","robots":{"index":"index","follow":"follow","max-snippet":"max-snippet:-1","max-image-preview":"max-image-preview:large","max-video-preview":"max-video-preview:-1"},"canonical":"https:\/\/wiso-data.de\/echo-kamerun\/wir-ueber-uns\/echo-kamerun-e-v\/","og_locale":"de_DE","og_type":"article","og_title":"Echo Kamerun e.V. | Echo Kamerun e.V.","og_description":"Echo Kamerun e.V. Echo Kamerun e.V. wurde 2007 in Bad Belzig (Brandenburg) gegr\u00fcndet und hat sich einer Entwicklungszusammenarbeit auf Augenh\u00f6he verschrieben, im Glauben, dass beide Seiten zu geben und zu empfangen haben. Die Partnerschaft basiert auf pers\u00f6nlichen Kontakten zwischen Menschen aus Bad Belzig und Kribi, einer Stadt in Kamerun an der Atlantikk\u00fcste. Nach einer langj\u00e4hrigen [&hellip;]","og_url":"https:\/\/wiso-data.de\/echo-kamerun\/wir-ueber-uns\/echo-kamerun-e-v\/","og_site_name":"Echo Kamerun e.V.","article_modified_time":"2024-04-12T15:50:05+00:00","og_image":[{"url":"https:\/\/wiso-data.de\/echo-kamerun\/wp-content\/uploads\/2021\/12\/Pfeilweiterrot18.png","type":"","width":"","height":""}],"twitter_card":"summary_large_image","twitter_misc":{"Gesch\u00e4tzte Lesezeit":"3\u00a0Minuten"},"schema":{"@context":"https:\/\/schema.org","@graph":[{"@type":"WebPage","@id":"https:\/\/wiso-data.de\/echo-kamerun\/wir-ueber-uns\/echo-kamerun-e-v\/","url":"https:\/\/wiso-data.de\/echo-kamerun\/wir-ueber-uns\/echo-kamerun-e-v\/","name":"Echo Kamerun e.V. | Echo Kamerun e.V.","isPartOf":{"@id":"https:\/\/wiso-data.de\/echo-kamerun\/#website"},"primaryImageOfPage":{"@id":"https:\/\/wiso-data.de\/echo-kamerun\/wir-ueber-uns\/echo-kamerun-e-v\/#primaryimage"},"image":{"@id":"https:\/\/wiso-data.de\/echo-kamerun\/wir-ueber-uns\/echo-kamerun-e-v\/#primaryimage"},"thumbnailUrl":"https:\/\/wiso-data.de\/echo-kamerun\/wp-content\/uploads\/2021\/12\/Pfeilweiterrot18.png","datePublished":"2018-08-19T08:08:57+00:00","dateModified":"2024-04-12T15:50:05+00:00","breadcrumb":{"@id":"https:\/\/wiso-data.de\/echo-kamerun\/wir-ueber-uns\/echo-kamerun-e-v\/#breadcrumb"},"inLanguage":"de","potentialAction":[{"@type":"ReadAction","target":["https:\/\/wiso-data.de\/echo-kamerun\/wir-ueber-uns\/echo-kamerun-e-v\/"]}]},{"@type":"ImageObject","inLanguage":"de","@id":"https:\/\/wiso-data.de\/echo-kamerun\/wir-ueber-uns\/echo-kamerun-e-v\/#primaryimage","url":"https:\/\/wiso-data.de\/echo-kamerun\/wp-content\/uploads\/2021\/12\/Pfeilweiterrot18.png","contentUrl":"https:\/\/wiso-data.de\/echo-kamerun\/wp-content\/uploads\/2021\/12\/Pfeilweiterrot18.png","width":18,"height":18},{"@type":"BreadcrumbList","@id":"https:\/\/wiso-data.de\/echo-kamerun\/wir-ueber-uns\/echo-kamerun-e-v\/#breadcrumb","itemListElement":[{"@type":"ListItem","position":1,"name":"Startseite","item":"https:\/\/wiso-data.de\/echo-kamerun\/"},{"@type":"ListItem","position":2,"name":"Wir \u00fcber uns","item":"https:\/\/wiso-data.de\/echo-kamerun\/wir-ueber-uns\/"},{"@type":"ListItem","position":3,"name":"Echo Kamerun e.V."}]},{"@type":"WebSite","@id":"https:\/\/wiso-data.de\/echo-kamerun\/#website","url":"https:\/\/wiso-data.de\/echo-kamerun\/","name":"Echo Kamerun e.V.","description":"Der Verein Echo-Kamerun aus Bad Belzig stellt sich vor","potentialAction":[{"@type":"SearchAction","target":{"@type":"EntryPoint","urlTemplate":"https:\/\/wiso-data.de\/echo-kamerun\/?s={search_term_string}"},"query-input":{"@type":"PropertyValueSpecification","valueRequired":true,"valueName":"search_term_string"}}],"inLanguage":"de"}]}},"_links":{"self":[{"href":"https:\/\/wiso-data.de\/echo-kamerun\/wp-json\/wp\/v2\/pages\/122","targetHints":{"allow":["GET"]}}],"collection":[{"href":"https:\/\/wiso-data.de\/echo-kamerun\/wp-json\/wp\/v2\/pages"}],"about":[{"href":"https:\/\/wiso-data.de\/echo-kamerun\/wp-json\/wp\/v2\/types\/page"}],"author":[{"embeddable":true,"href":"https:\/\/wiso-data.de\/echo-kamerun\/wp-json\/wp\/v2\/users\/1"}],"replies":[{"embeddable":true,"href":"https:\/\/wiso-data.de\/echo-kamerun\/wp-json\/wp\/v2\/comments?post=122"}],"version-history":[{"count":14,"href":"https:\/\/wiso-data.de\/echo-kamerun\/wp-json\/wp\/v2\/pages\/122\/revisions"}],"predecessor-version":[{"id":212149,"href":"https:\/\/wiso-data.de\/echo-kamerun\/wp-json\/wp\/v2\/pages\/122\/revisions\/212149"}],"up":[{"embeddable":true,"href":"https:\/\/wiso-data.de\/echo-kamerun\/wp-json\/wp\/v2\/pages\/8"}],"wp:attachment":[{"href":"https:\/\/wiso-data.de\/echo-kamerun\/wp-json\/wp\/v2\/media?parent=122"}],"curies":[{"name":"wp","href":"https:\/\/api.w.org\/{rel}","templated":true}]}}